{"id":431,"date":"2021-05-07T23:15:09","date_gmt":"2021-05-07T23:15:09","guid":{"rendered":"https:\/\/mutualeuro.com.ar\/website\/?page_id=431"},"modified":"2021-12-21T21:28:26","modified_gmt":"2021-12-21T21:28:26","slug":"quiero-asociarme","status":"publish","type":"page","link":"https:\/\/mutualeuro.com.ar\/website\/quiero-asociarme\/","title":{"rendered":"Quiero Asociarme"},"content":{"rendered":"<p>[et_pb_section fb_built=\u00bb1&#8243; _builder_version=\u00bb4.9.4&#8243; _module_preset=\u00bbdefault\u00bb custom_margin=\u00bb0px|0px|0px|0px|false|false\u00bb custom_padding=\u00bb0px|0px|0px|0px|false|false\u00bb global_colors_info=\u00bb{}\u00bb][et_pb_row disabled_on=\u00bbon|on|off\u00bb _builder_version=\u00bb4.9.4&#8243; _module_preset=\u00bbdefault\u00bb width=\u00bb100%\u00bb custom_margin=\u00bb0px|0px|0px|0px|false|false\u00bb custom_padding=\u00bb0px||0px|0px|false|false\u00bb global_colors_info=\u00bb{}\u00bb][et_pb_column type=\u00bb4_4&#8243; _builder_version=\u00bb4.9.4&#8243; _module_preset=\u00bbdefault\u00bb global_colors_info=\u00bb{}\u00bb][et_pb_image src=\u00bbhttps:\/\/mutualeuro.com.ar\/website\/wp-content\/uploads\/2021\/06\/Slide_contacto.jpg\u00bb title_text=\u00bbSlide_contacto\u00bb force_fullwidth=\u00bbon\u00bb _builder_version=\u00bb4.9.4&#8243; _module_preset=\u00bbdefault\u00bb global_colors_info=\u00bb{}\u00bb][\/et_pb_image][\/et_pb_column][\/et_pb_row][et_pb_row column_structure=\u00bb2_5,3_5&#8243; use_custom_gutter=\u00bbon\u00bb gutter_width=\u00bb4&#8243; _builder_version=\u00bb4.9.4&#8243; _module_preset=\u00bbdefault\u00bb width=\u00bb89%\u00bb width_tablet=\u00bb100%\u00bb width_phone=\u00bb\u00bb width_last_edited=\u00bbon|phone\u00bb max_width=\u00bb100%\u00bb module_alignment=\u00bbright\u00bb custom_margin=\u00bb|auto|0px|auto|false|false\u00bb custom_margin_tablet=\u00bb\u00bb custom_margin_phone=\u00bb-30px||||false|false\u00bb custom_margin_last_edited=\u00bbon|phone\u00bb custom_padding=\u00bb||32px||false|false\u00bb global_colors_info=\u00bb{}\u00bb][et_pb_column type=\u00bb2_5&#8243; _builder_version=\u00bb4.9.4&#8243; _module_preset=\u00bbdefault\u00bb background_color=\u00bb#FFFFFF\u00bb transform_scale_tablet=\u00bb\u00bb transform_scale_phone=\u00bb\u00bb transform_scale_last_edited=\u00bbon|phone\u00bb transform_translate=\u00bb0px|-188px\u00bb transform_translate_tablet=\u00bb0px|0px\u00bb transform_translate_phone=\u00bb0px|0px\u00bb transform_translate_last_edited=\u00bbon|tablet\u00bb transform_translate_linked=\u00bboff\u00bb transform_rotate_tablet=\u00bb\u00bb transform_rotate_phone=\u00bb\u00bb transform_rotate_last_edited=\u00bbon|phone\u00bb transform_skew_tablet=\u00bb\u00bb transform_skew_phone=\u00bb\u00bb transform_skew_last_edited=\u00bbon|phone\u00bb transform_origin_tablet=\u00bb\u00bb transform_origin_phone=\u00bb\u00bb transform_origin_last_edited=\u00bbon|phone\u00bb transform_styles_last_edited=\u00bbon|tablet\u00bb transform_styles_tablet=\u00bb\u00bb transform_styles_phone=\u00bb\u00bb custom_css_main_element=\u00bbmargin-bottom:-180px\u00bb border_width_bottom=\u00bb8px\u00bb border_color_bottom=\u00bb#36ad00&#8243; box_shadow_style=\u00bbpreset1&#8243; global_colors_info=\u00bb{}\u00bb][et_pb_text _builder_version=\u00bb4.9.4&#8243; _module_preset=\u00bbdefault\u00bb text_font=\u00bbRoboto||||||||\u00bb text_text_color=\u00bb#FFFFFF\u00bb text_font_size=\u00bb17px\u00bb background_color=\u00bb#1857a6&#8243; text_orientation=\u00bbcenter\u00bb custom_margin=\u00bb||39px|||\u00bb custom_padding=\u00bb18px||18px||true|false\u00bb global_colors_info=\u00bb{}\u00bb]<\/p>\n<p>QUIERO ASOCIARME<\/p>\n<p>[\/et_pb_text][et_pb_text disabled_on=\u00bboff|off|on\u00bb _builder_version=\u00bb4.9.4&#8243; _module_preset=\u00bbdefault\u00bb text_text_color=\u00bb#000000&#8243; text_font_size=\u00bb16px\u00bb text_orientation=\u00bbcenter\u00bb custom_margin=\u00bb||15px||false|false\u00bb text_font_size_tablet=\u00bb\u00bb text_font_size_phone=\u00bb14px\u00bb text_font_size_last_edited=\u00bbon|phone\u00bb text_line_height_tablet=\u00bb\u00bb text_line_height_phone=\u00bb1.4em\u00bb text_line_height_last_edited=\u00bbon|phone\u00bb global_colors_info=\u00bb{}\u00bb]<\/p>\n<p>COMPLETE EL SIGUIENTE FORMULARIO<br \/>Y LO CONTACTAREMOS A LA BREVEDAD<\/p>\n<p>[\/et_pb_text][et_pb_code _builder_version=\u00bb4.9.4&#8243; _module_preset=\u00bbdefault\u00bb width=\u00bb83%\u00bb module_alignment=\u00bbcenter\u00bb custom_margin=\u00bb28px||32px|||\u00bb global_colors_info=\u00bb{}\u00bb]\r\n<style type=\"text\/css\">\r\n\r\n\r\n\r\n\r\n\r\n\r\n\r\n\tbody #wpforms-441 .wpforms-submit-container .wpforms-submit, body #wpforms-441 .wpforms-field-pagebreak button.wpforms-page-button {\r\n\t\ttext-transform: uppercase;font-weight: bold;color:#ffffff ;background-color:#36ad00 ;width:100% ;\t\tborder-width: 0px;\t}\r\n\r\n\tbody #wpforms-441 .wpforms-submit-container .wpforms-submit:hover, body #wpforms-441 .wpforms-field-pagebreak button.wpforms-page-button:hover {\r\n\t\t\t}\r\n\r\n\tbody #wpforms-441 .wpforms-submit-container,\r\n\tbody #wpforms-441 .wpforms-field-pagebreak .wpforms-pagebreak-left{\r\n\t\t}\r\n\r\n\r\n\tbody #wpforms-441 .wpforms-form .wpforms-field input[type=text],\r\n\tbody #wpforms-441 .wpforms-form .wpforms-field input[type=email],\r\n\tbody #wpforms-441 .wpforms-form .wpforms-field input[type=tel],\r\n\tbody #wpforms-441 .wpforms-form .wpforms-field input[type=url],\r\n\tbody #wpforms-441 .wpforms-form .wpforms-field input[type=password],\r\n\tbody #wpforms-441 .wpforms-form .wpforms-field input[type=number]\r\n\t{\r\n\t\tborder-color:#000000 ;\t\tborder-width: 1px;\t}\r\n\r\n\tbody #wpforms-441 .wpforms-form .wpforms-field .wpforms-field-row\r\n\t{\r\n\t\t\t}\r\n\r\n\tbody #wpforms-441 .wpforms-form .wpforms-field-layout.wpforms-field input[type=text],\r\n\tbody #wpforms-441 .wpforms-form .wpforms-field-layout.wpforms-field input[type=email],\r\n\tbody #wpforms-441 .wpforms-form .wpforms-field-layout.wpforms-field input[type=tel],\r\n\tbody #wpforms-441 .wpforms-form .wpforms-field-layout.wpforms-field input[type=url],\r\n\tbody #wpforms-441 .wpforms-form .wpforms-field-layout.wpforms-field input[type=password],\r\n\tbody #wpforms-441 .wpforms-form .wpforms-field-layout.wpforms-field input[type=number]{\r\n\t\twidth: 100%;\r\n\t}\r\n\r\n\tbody #wpforms-441 .wpforms-form .wpforms-field .wpforms-field-row input[type=text]{\r\n\t\twidth: 100%;\r\n\t}\r\n\r\n\r\n\r\n\r\n\r\n\tbody #wpforms-441 .wpforms-form .wpforms-field textarea {\r\n\t\tborder-color:#000000 ;\t\t\tborder-width: 1px;\t}\r\n\r\n\r\n\r\n \r\n\tbody #wpforms-441 .wpforms-form .wpforms-field label.wpforms-field-label,\r\n\tbody #wpforms-441 .wpforms-form .wpforms-field .wpforms-field-label {\r\n\t\ttext-transform: uppercase;color:#000000 ;font-size:14px;\t}\r\n\r\n\r\n\/* Styling for Tablets *\/\r\n@media only screen and (max-width: 800px) and (min-width:481px) {\r\n\t\r\n\r\n\r\n\r\n}\r\n\r\n@media only screen and (max-width: 480px){\r\n\t\r\n\r\n\r\n\r\n}\r\n\/*Option to add custom CSS *\/\r\n\r\n\r\n\r\n\t\t<\/style>\r\n\t\t<div class=\"wpforms-container wpforms-container-full\" id=\"wpforms-441\"><form id=\"wpforms-form-441\" class=\"wpforms-validate wpforms-form\" data-formid=\"441\" method=\"post\" enctype=\"multipart\/form-data\" action=\"\/website\/wp-json\/wp\/v2\/pages\/431\" data-token=\"e478d725b7e55d8ec1b664dca8ee5077\"><noscript class=\"wpforms-error-noscript\">Por favor, activa JavaScript en tu navegador para completar este formulario.<\/noscript><div class=\"wpforms-field-container\"><div id=\"wpforms-441-field_1-container\" class=\"wpforms-field wpforms-field-text\" data-field-id=\"1\"><label class=\"wpforms-field-label\" for=\"wpforms-441-field_1\">Apellido y Nombre <span class=\"wpforms-required-label\">*<\/span><\/label><input type=\"text\" id=\"wpforms-441-field_1\" class=\"wpforms-field-large wpforms-field-required\" name=\"wpforms[fields][1]\" required><\/div><div id=\"wpforms-441-field_2-container\" class=\"wpforms-field wpforms-field-number\" data-field-id=\"2\"><label class=\"wpforms-field-label\" for=\"wpforms-441-field_2\">N\u00famero de Tel\u00e9fono <span class=\"wpforms-required-label\">*<\/span><\/label><input type=\"number\" pattern=\"\\d*\" id=\"wpforms-441-field_2\" class=\"wpforms-field-large wpforms-field-required\" name=\"wpforms[fields][2]\" required><\/div><div id=\"wpforms-441-field_3-container\" class=\"wpforms-field wpforms-field-text\" data-field-id=\"3\"><label class=\"wpforms-field-label\" for=\"wpforms-441-field_3\">Horario en que desea ser contactado <span class=\"wpforms-required-label\">*<\/span><\/label><input type=\"text\" id=\"wpforms-441-field_3\" class=\"wpforms-field-large wpforms-field-required\" name=\"wpforms[fields][3]\" required><\/div><div id=\"wpforms-441-field_5-container\" class=\"wpforms-field wpforms-field-textarea\" data-field-id=\"5\"><label class=\"wpforms-field-label\" for=\"wpforms-441-field_5\">Comentarios<\/label><textarea id=\"wpforms-441-field_5\" class=\"wpforms-field-medium\" name=\"wpforms[fields][5]\" ><\/textarea><\/div><\/div><div class=\"wpforms-recaptcha-container wpforms-is-recaptcha\" ><div class=\"g-recaptcha\" data-sitekey=\"6LcOImYdAAAAAN_VF-0ugUVEqg09BTszqox_hkZK\" data-size=\"invisible\"><\/div><\/div><div class=\"wpforms-submit-container\" ><input type=\"hidden\" name=\"wpforms[id]\" value=\"441\"><input type=\"hidden\" name=\"wpforms[author]\" value=\"3\"><button type=\"submit\" name=\"wpforms[submit]\" class=\"wpforms-submit boton_asoc\" id=\"wpforms-submit-441\" value=\"wpforms-submit\" aria-live=\"assertive\" data-alt-text=\"Enviando...\" data-submit-text=\"Enviar Formulario\">Enviar Formulario<\/button><\/div><\/form><\/div>  <!-- .wpforms-container -->\t[\/et_pb_code][et_pb_text disabled_on=\u00bbon|on|off\u00bb _builder_version=\u00bb4.14.1&#8243; _module_preset=\u00bbdefault\u00bb text_text_color=\u00bb#000000&#8243; text_font_size=\u00bb16px\u00bb text_orientation=\u00bbcenter\u00bb custom_margin=\u00bb||17px||false|false\u00bb hover_enabled=\u00bb0&#8243; global_colors_info=\u00bb{}\u00bb sticky_enabled=\u00bb0&#8243;]<\/p>\n<h6>Tambi\u00e9n puede contactarnos a trav\u00e9s de nuestro<\/h6>\n<p>[\/et_pb_text][et_pb_text disabled_on=\u00bbon|on|off\u00bb _builder_version=\u00bb4.14.1&#8243; _module_preset=\u00bbdefault\u00bb text_text_color=\u00bb#000000&#8243; text_font_size=\u00bb16px\u00bb background_color=\u00bbRGBA(255,255,255,0)\u00bb text_orientation=\u00bbcenter\u00bb custom_margin=\u00bb||17px||false|false\u00bb link_option_url=\u00bbhttps:\/\/api.whatsapp.com\/send\/?phone=5493364571247&#038;text&#038;app_absent=0&#8243; link_option_url_new_window=\u00bbon\u00bb global_colors_info=\u00bb{}\u00bb]<\/p>\n<h6><strong>WhatsApp +549 3364 571247<\/strong><\/h6>\n<p>[\/et_pb_text][\/et_pb_column][et_pb_column type=\u00bb3_5&#8243; _builder_version=\u00bb4.9.4&#8243; _module_preset=\u00bbdefault\u00bb custom_padding=\u00bb|141px|||false|false\u00bb global_colors_info=\u00bb{}\u00bb][et_pb_text disabled_on=\u00bbon|on|off\u00bb _builder_version=\u00bb4.9.4&#8243; _module_preset=\u00bbdefault\u00bb text_font_size=\u00bb16px\u00bb text_line_height=\u00bb1.8em\u00bb header_font=\u00bbRoboto||||||||\u00bb header_font_size=\u00bb25px\u00bb header_line_height=\u00bb1.3em\u00bb header_2_font=\u00bb|600|||||||\u00bb header_2_text_color=\u00bb#1857a6&#8243; header_2_font_size=\u00bb19px\u00bb custom_padding=\u00bb||15px||false|false\u00bb border_width_bottom=\u00bb1px\u00bb border_color_bottom=\u00bb#1857a6&#8243; global_colors_info=\u00bb{}\u00bb]<\/p>\n<p>COMPLETE EL SIGUIENTE FORMULARIO<br \/>Y LO CONTACTAREMOS A LA BREVEDAD.<\/p>\n<p>[\/et_pb_text][et_pb_text disabled_on=\u00bbon|on|off\u00bb _builder_version=\u00bb4.9.4&#8243; _module_preset=\u00bbdefault\u00bb text_font=\u00bb||||||||\u00bb text_text_color=\u00bb#000000&#8243; text_line_height=\u00bb1.5em\u00bb header_2_text_color=\u00bb#1857a6&#8243; header_2_font_size=\u00bb18px\u00bb header_2_line_height=\u00bb2.3em\u00bb header_3_font_size=\u00bb15px\u00bb header_3_line_height=\u00bb1.3em\u00bb global_colors_info=\u00bb{}\u00bb]<\/p>\n<h3>Lo invitamos a que se acerque a nuestras oficinas<br \/>para poder asesorarlo personalmente.<\/h3>\n<h2>Asociaci\u00f3n Mutual Euroamericana.<\/h2>\n<p><strong> Sede Central:<\/strong><br \/>De la Naci\u00f3n 340 &#8211; San Nicol\u00e1s<br \/>Tel: 0336-4487700<\/p>\n<p><strong>Sucursal Rosario:<\/strong><br \/>Sarmiento 623 &#8211; Rosario<br \/>Tel:0341-4451144<\/p>\n<p><strong>Consultorios:<\/strong><br \/>Av Falc\u00f3n 513 &#8211; San Nicol\u00e1s<br \/>Tel: 0336-4427251<\/p>\n<p>[\/et_pb_text][\/et_pb_column][\/et_pb_row][et_pb_row disabled_on=\u00bboff|off|on\u00bb _builder_version=\u00bb4.9.4&#8243; _module_preset=\u00bbdefault\u00bb custom_margin_tablet=\u00bb142px||||false|false\u00bb custom_margin_phone=\u00bb\u00bb custom_margin_last_edited=\u00bbon|tablet\u00bb global_colors_info=\u00bb{}\u00bb][et_pb_column type=\u00bb4_4&#8243; _builder_version=\u00bb4.9.4&#8243; _module_preset=\u00bbdefault\u00bb global_colors_info=\u00bb{}\u00bb][et_pb_text disabled_on=\u00bboff|off|on\u00bb _builder_version=\u00bb4.9.4&#8243; _module_preset=\u00bbdefault\u00bb text_font=\u00bb||||||||\u00bb text_text_color=\u00bb#000000&#8243; text_line_height=\u00bb1.5em\u00bb header_2_text_color=\u00bb#1857a6&#8243; header_2_font_size=\u00bb18px\u00bb header_2_line_height=\u00bb2.3em\u00bb header_3_font_size=\u00bb15px\u00bb header_3_line_height=\u00bb1.3em\u00bb global_colors_info=\u00bb{}\u00bb]<\/p>\n<h3>Lo invitamos a que se acerque a nuestras oficinas para poder asesorarlo personalmente.<\/h3>\n<h2>Asociaci\u00f3n Mutual Euroamericana.<\/h2>\n<p><strong> Sede Central:<\/strong><br \/>De la Naci\u00f3n 340 &#8211; San Nicol\u00e1s<br \/>Tel: 0336-4487700<\/p>\n<p><strong>Sucursal Rosario:<\/strong><br \/>San Lorenzo 1249 &#8211; Rosario<br \/>Tel:0341-4451144<\/p>\n<p><strong>Consultorios:<\/strong><br \/>Av Falc\u00f3n 513 &#8211; San Nicol\u00e1s<br \/>Tel: 0336-4427251<\/p>\n<p>[\/et_pb_text][\/et_pb_column][\/et_pb_row][\/et_pb_section]<\/p>\n","protected":false},"excerpt":{"rendered":"<p>QUIERO ASOCIARMECOMPLETE EL SIGUIENTE FORMULARIOY LO CONTACTAREMOS A LA BREVEDAD\r\n<style type=\"text\/css\">\r\n\r\n\r\n\r\n\r\n\r\n\r\n\r\n\tbody #wpforms-441 .wpforms-submit-container .wpforms-submit, body #wpforms-441 .wpforms-field-pagebreak button.wpforms-page-button {\r\n\t\ttext-transform: uppercase;font-weight: bold;color:#ffffff ;background-color:#36ad00 ;width:100% ;\t\tborder-width: 0px;\t}\r\n\r\n\tbody #wpforms-441 .wpforms-submit-container .wpforms-submit:hover, body #wpforms-441 .wpforms-field-pagebreak button.wpforms-page-button:hover {\r\n\t\t\t}\r\n\r\n\tbody #wpforms-441 .wpforms-submit-container,\r\n\tbody #wpforms-441 .wpforms-field-pagebreak .wpforms-pagebreak-left{\r\n\t\t}\r\n\r\n\r\n\tbody #wpforms-441 .wpforms-form .wpforms-field input[type=text],\r\n\tbody #wpforms-441 .wpforms-form .wpforms-field input[type=email],\r\n\tbody #wpforms-441 .wpforms-form .wpforms-field input[type=tel],\r\n\tbody #wpforms-441 .wpforms-form .wpforms-field input[type=url],\r\n\tbody #wpforms-441 .wpforms-form .wpforms-field input[type=password],\r\n\tbody #wpforms-441 .wpforms-form .wpforms-field input[type=number]\r\n\t{\r\n\t\tborder-color:#000000 ;\t\tborder-width: 1px;\t}\r\n\r\n\tbody #wpforms-441 .wpforms-form .wpforms-field .wpforms-field-row\r\n\t{\r\n\t\t\t}\r\n\r\n\tbody #wpforms-441 .wpforms-form .wpforms-field-layout.wpforms-field input[type=text],\r\n\tbody #wpforms-441 .wpforms-form .wpforms-field-layout.wpforms-field input[type=email],\r\n\tbody #wpforms-441 .wpforms-form .wpforms-field-layout.wpforms-field input[type=tel],\r\n\tbody #wpforms-441 .wpforms-form .wpforms-field-layout.wpforms-field input[type=url],\r\n\tbody #wpforms-441 .wpforms-form .wpforms-field-layout.wpforms-field input[type=password],\r\n\tbody #wpforms-441 .wpforms-form .wpforms-field-layout.wpforms-field input[type=number]{\r\n\t\twidth: 100%;\r\n\t}\r\n\r\n\tbody #wpforms-441 .wpforms-form .wpforms-field .wpforms-field-row input[type=text]{\r\n\t\twidth: 100%;\r\n\t}\r\n\r\n\r\n\r\n\r\n\r\n\tbody #wpforms-441 .wpforms-form .wpforms-field textarea {\r\n\t\tborder-color:#000000 ;\t\t\tborder-width: 1px;\t}\r\n\r\n\r\n\r\n \r\n\tbody #wpforms-441 .wpforms-form .wpforms-field label.wpforms-field-label,\r\n\tbody #wpforms-441 .wpforms-form .wpforms-field .wpforms-field-label {\r\n\t\ttext-transform: uppercase;color:#000000 ;font-size:14px;\t}\r\n\r\n\r\n\/* Styling for Tablets *\/\r\n@media only screen and (max-width: 800px) and (min-width:481px) {\r\n\t\r\n\r\n\r\n\r\n}\r\n\r\n@media only screen and (max-width: 480px){\r\n\t\r\n\r\n\r\n\r\n}\r\n\/*Option to add custom CSS *\/\r\n\r\n\r\n\r\n\t\t<\/style>\r\n\t\t<div class=\"wpforms-container wpforms-container-full\" id=\"wpforms-441\"><form id=\"wpforms-form-441\" class=\"wpforms-validate wpforms-form\" data-formid=\"441\" method=\"post\" enctype=\"multipart\/form-data\" action=\"\/website\/wp-json\/wp\/v2\/pages\/431\" data-token=\"e478d725b7e55d8ec1b664dca8ee5077\"><noscript class=\"wpforms-error-noscript\">Por favor, activa JavaScript en tu navegador para completar este formulario.<\/noscript><div class=\"wpforms-field-container\"><div id=\"wpforms-441-field_1-container\" class=\"wpforms-field wpforms-field-text\" data-field-id=\"1\"><label class=\"wpforms-field-label\" for=\"wpforms-441-field_1\">Apellido y Nombre <span class=\"wpforms-required-label\">*<\/span><\/label><input type=\"text\" id=\"wpforms-441-field_1\" class=\"wpforms-field-large wpforms-field-required\" name=\"wpforms[fields][1]\" required><\/div><div id=\"wpforms-441-field_2-container\" class=\"wpforms-field wpforms-field-number\" data-field-id=\"2\"><label class=\"wpforms-field-label\" for=\"wpforms-441-field_2\">N\u00famero de Tel\u00e9fono <span class=\"wpforms-required-label\">*<\/span><\/label><input type=\"number\" pattern=\"\\d*\" id=\"wpforms-441-field_2\" class=\"wpforms-field-large wpforms-field-required\" name=\"wpforms[fields][2]\" required><\/div><div id=\"wpforms-441-field_3-container\" class=\"wpforms-field wpforms-field-text\" data-field-id=\"3\"><label class=\"wpforms-field-label\" for=\"wpforms-441-field_3\">Horario en que desea ser contactado <span class=\"wpforms-required-label\">*<\/span><\/label><input type=\"text\" id=\"wpforms-441-field_3\" class=\"wpforms-field-large wpforms-field-required\" name=\"wpforms[fields][3]\" required><\/div><div id=\"wpforms-441-field_5-container\" class=\"wpforms-field wpforms-field-textarea\" data-field-id=\"5\"><label class=\"wpforms-field-label\" for=\"wpforms-441-field_5\">Comentarios<\/label><textarea id=\"wpforms-441-field_5\" class=\"wpforms-field-medium\" name=\"wpforms[fields][5]\" ><\/textarea><\/div><\/div><div class=\"wpforms-recaptcha-container wpforms-is-recaptcha\" ><div class=\"g-recaptcha\" data-sitekey=\"6LcOImYdAAAAAN_VF-0ugUVEqg09BTszqox_hkZK\" data-size=\"invisible\"><\/div><\/div><div class=\"wpforms-submit-container\" ><input type=\"hidden\" name=\"wpforms[id]\" value=\"441\"><input type=\"hidden\" name=\"wpforms[author]\" value=\"3\"><button type=\"submit\" name=\"wpforms[submit]\" class=\"wpforms-submit boton_asoc\" id=\"wpforms-submit-441\" value=\"wpforms-submit\" aria-live=\"assertive\" data-alt-text=\"Enviando...\" data-submit-text=\"Enviar Formulario\">Enviar Formulario<\/button><\/div><\/form><\/div>  <!-- .wpforms-container --> Tambi\u00e9n puede contactarnos a trav\u00e9s de nuestroWhatsApp +549 3364 571247COMPLETE EL SIGUIENTE FORMULARIOY LO CONTACTAREMOS A LA BREVEDAD.Lo invitamos a que se acerque a nuestras oficinaspara poder asesorarlo personalmente. Asociaci\u00f3n Mutual Euroamericana. Sede Central:De la Naci\u00f3n 340 &#8211; San Nicol\u00e1sTel: 0336-4487700 Sucursal Rosario:Sarmiento 623 [&hellip;]<\/p>\n","protected":false},"author":3,"featured_media":0,"parent":0,"menu_order":0,"comment_status":"closed","ping_status":"closed","template":"","meta":{"_et_pb_use_builder":"on","_et_pb_old_content":"","_et_gb_content_width":"","footnotes":""},"class_list":["post-431","page","type-page","status-publish","hentry"],"_links":{"self":[{"href":"https:\/\/mutualeuro.com.ar\/website\/wp-json\/wp\/v2\/pages\/431","targetHints":{"allow":["GET"]}}],"collection":[{"href":"https:\/\/mutualeuro.com.ar\/website\/wp-json\/wp\/v2\/pages"}],"about":[{"href":"https:\/\/mutualeuro.com.ar\/website\/wp-json\/wp\/v2\/types\/page"}],"author":[{"embeddable":true,"href":"https:\/\/mutualeuro.com.ar\/website\/wp-json\/wp\/v2\/users\/3"}],"replies":[{"embeddable":true,"href":"https:\/\/mutualeuro.com.ar\/website\/wp-json\/wp\/v2\/comments?post=431"}],"version-history":[{"count":38,"href":"https:\/\/mutualeuro.com.ar\/website\/wp-json\/wp\/v2\/pages\/431\/revisions"}],"predecessor-version":[{"id":1249,"href":"https:\/\/mutualeuro.com.ar\/website\/wp-json\/wp\/v2\/pages\/431\/revisions\/1249"}],"wp:attachment":[{"href":"https:\/\/mutualeuro.com.ar\/website\/wp-json\/wp\/v2\/media?parent=431"}],"curies":[{"name":"wp","href":"https:\/\/api.w.org\/{rel}","templated":true}]}}