{"id":271,"date":"2021-04-29T23:20:14","date_gmt":"2021-04-29T23:20:14","guid":{"rendered":"https:\/\/mutualeuro.com.ar\/website\/?page_id=271"},"modified":"2024-10-09T19:47:12","modified_gmt":"2024-10-09T19:47:12","slug":"farmacia","status":"publish","type":"page","link":"https:\/\/mutualeuro.com.ar\/website\/farmacia\/","title":{"rendered":"Farmacia"},"content":{"rendered":"<p>[et_pb_section fb_built=\u00bb1&#8243; _builder_version=\u00bb4.16&#8243; _module_preset=\u00bbdefault\u00bb custom_margin=\u00bb0px|0px|0px|0px|true|true\u00bb custom_padding=\u00bb0px|0px|0px|0px|true|true\u00bb global_colors_info=\u00bb{}\u00bb][et_pb_row _builder_version=\u00bb4.16&#8243; _module_preset=\u00bbdefault\u00bb width=\u00bb100%\u00bb custom_margin=\u00bb0px|0px|0px|0px|true|true\u00bb custom_padding=\u00bb0px|0px|0px|0px|true|true\u00bb global_colors_info=\u00bb{}\u00bb][et_pb_column type=\u00bb4_4&#8243; _builder_version=\u00bb4.16&#8243; _module_preset=\u00bbdefault\u00bb global_colors_info=\u00bb{}\u00bb][et_pb_image src=\u00bbhttps:\/\/mutualeuro.com.ar\/website\/wp-content\/uploads\/2021\/10\/farmacia.jpg\u00bb title_text=\u00bbfarmacia\u00bb _builder_version=\u00bb4.27.2&#8243; _module_preset=\u00bbdefault\u00bb hover_enabled=\u00bb0&#8243; global_colors_info=\u00bb{}\u00bb force_fullwidth=\u00bbon\u00bb sticky_enabled=\u00bb0&#8243;][\/et_pb_image][\/et_pb_column][\/et_pb_row][et_pb_row _builder_version=\u00bb4.16&#8243; _module_preset=\u00bbdefault\u00bb custom_padding=\u00bb||4px|||\u00bb global_colors_info=\u00bb{}\u00bb][et_pb_column type=\u00bb4_4&#8243; _builder_version=\u00bb4.16&#8243; _module_preset=\u00bbdefault\u00bb global_colors_info=\u00bb{}\u00bb][et_pb_text _builder_version=\u00bb4.16&#8243; _module_preset=\u00bbdefault\u00bb text_font=\u00bbRoboto||||||||\u00bb text_text_color=\u00bb#000000&#8243; text_font_size=\u00bb16px\u00bb header_font=\u00bbRoboto||||||||\u00bb header_2_font=\u00bbRoboto|600|||||||\u00bb header_2_text_color=\u00bb#1857a6&#8243; header_2_font_size=\u00bb18px\u00bb header_2_line_height=\u00bb0.9em\u00bb header_4_font=\u00bbRoboto|600|||||||\u00bb header_4_text_color=\u00bb#60ad3d\u00bb header_4_font_size=\u00bb17px\u00bb custom_padding=\u00bb|173px|||false|false\u00bb custom_padding_tablet=\u00bb|0px|||false|false\u00bb custom_padding_phone=\u00bb\u00bb custom_padding_last_edited=\u00bbon|phone\u00bb text_font_size_tablet=\u00bb14px\u00bb text_font_size_phone=\u00bb14px\u00bb text_font_size_last_edited=\u00bbon|phone\u00bb global_colors_info=\u00bb{}\u00bb]<\/p>\n<p>Contamos con una Farmacia de primera l\u00ednea que provee a nuestros socios con una gran variedad de medicamentos recetados, medicamentos de venta libre, electromedicina, suplementos dietarios y nutricionales, leches maternizadas, accesorios y cuidados de beb\u00e9s y ni\u00f1os, cuidado oral, dermatocosm\u00e9tica, herborister\u00eda y productos cosm\u00e9ticos.<\/p>\n<p>&nbsp;<\/p>\n<h2>DESCUENTOS ESPECIALES<\/h2>\n<p>30% en MEDICAMENTOS RECETADOS (seg\u00fan Vadem\u00e9cum)<br \/>25% en MEDICAMENTOS RECETADOS FUERA DEL VADEMECUM<br \/>10% en otros productos.<\/p>\n<h4><\/h4>\n<h4><\/h4>\n<h4>ENV\u00cdOS A DOMICILIO<\/h4>\n<p>AV. FALCON 513 &#8211; TEL: 0336-4437778<\/p>\n<p>&nbsp;<\/p>\n<h4>PEDIDOS A DOMICILIO EXCLUSIVO PARA SOCIOS DE MUTUAL EUROAMERICANA<\/h4>\n<p>WHATSAPP: 3364613337<\/p>\n<p>[\/et_pb_text][et_pb_blurb title=\u00bbVer o descargar Vademecum\u00bb use_icon=\u00bbon\u00bb font_icon=\u00bb&#x38;||divi||400&#8243; icon_color=\u00bb#60ad3d\u00bb image_icon_background_color=\u00bb#60ad3d\u00bb image_icon_width=\u00bb38px\u00bb content_max_width=\u00bb424px\u00bb _builder_version=\u00bb4.16&#8243; _dynamic_attributes=\u00bblink_option_url\u00bb _module_preset=\u00bbdefault\u00bb header_font=\u00bbRoboto|600||on|||||\u00bb header_text_align=\u00bbcenter\u00bb header_line_height=\u00bb1.3em\u00bb body_font=\u00bbRoboto|||on|||||\u00bb body_text_color=\u00bb#60ad3d\u00bb body_font_size=\u00bb17px\u00bb image_icon_custom_padding=\u00bb25px|25px|25px|25px|false|false\u00bb transform_scale=\u00bb93%|93%\u00bb transform_scale_tablet=\u00bb\u00bb transform_scale_phone=\u00bb\u00bb transform_scale_last_edited=\u00bbon|desktop\u00bb transform_translate=\u00bb-41px|-181px\u00bb transform_translate_tablet=\u00bb0px|0px\u00bb transform_translate_phone=\u00bb\u00bb transform_translate_last_edited=\u00bbon|phone\u00bb transform_translate_linked=\u00bboff\u00bb transform_rotate_tablet=\u00bb\u00bb transform_rotate_phone=\u00bb\u00bb transform_rotate_last_edited=\u00bbon|desktop\u00bb transform_skew_tablet=\u00bb\u00bb transform_skew_phone=\u00bb\u00bb transform_skew_last_edited=\u00bbon|desktop\u00bb transform_origin_tablet=\u00bb\u00bb transform_origin_phone=\u00bb\u00bb transform_origin_last_edited=\u00bbon|desktop\u00bb transform_styles_last_edited=\u00bbon|phone\u00bb text_orientation=\u00bbcenter\u00bb width=\u00bb29%\u00bb width_tablet=\u00bb83%\u00bb width_phone=\u00bb100%\u00bb width_last_edited=\u00bbon|tablet\u00bb module_alignment=\u00bbright\u00bb custom_margin=\u00bb0px||||false|false\u00bb custom_margin_tablet=\u00bb\u00bb custom_margin_phone=\u00bb44px|0px|16px|0px|false|false\u00bb custom_margin_last_edited=\u00bbon|phone\u00bb custom_padding=\u00bb10px|0px|22px|0px|false|true\u00bb link_option_url=\u00bb@ET-DC@eyJkeW5hbWljIjp0cnVlLCJjb250ZW50IjoicG9zdF9saW5rX3VybF9wYWdlIiwic2V0dGluZ3MiOnsicG9zdF9pZCI6IjEyNyJ9fQ==@\u00bb transform_styles_tablet=\u00bb\u00bb transform_styles_phone=\u00bb\u00bb module_alignment_tablet=\u00bbcenter\u00bb module_alignment_phone=\u00bbcenter\u00bb module_alignment_last_edited=\u00bbon|phone\u00bb custom_css_blurb_image=\u00bbmargin-top:-50px;\u00bb border_radii_image=\u00bbon|100%|100%|100%|100%\u00bb box_shadow_style=\u00bbpreset1&#8243; icon_font_size=\u00bb38px\u00bb use_circle=\u00bbon\u00bb circle_color=\u00bb#60ad3d\u00bb global_colors_info=\u00bb{}\u00bb image_icon_background_color__sticky_enabled=\u00bb#7EBEC5&#8243; image_icon_background_color__sticky=\u00bb#7EBEC5&#8243;]<\/p>\n<p>Ver Vademencum<\/p>\n<p>[\/et_pb_blurb][\/et_pb_column][\/et_pb_row][\/et_pb_section][et_pb_section fb_built=\u00bb1&#8243; _builder_version=\u00bb4.16&#8243; _module_preset=\u00bbdefault\u00bb custom_margin=\u00bb0px|0px|0px|0px|true|true\u00bb custom_padding=\u00bb0px|0px|0px|0px|true|true\u00bb global_colors_info=\u00bb{}\u00bb][et_pb_row column_structure=\u00bb1_3,1_3,1_3&#8243; use_custom_gutter=\u00bbon\u00bb gutter_width=\u00bb1&#8243; make_equal=\u00bbon\u00bb _builder_version=\u00bb4.11.1&#8243; _module_preset=\u00bbdefault\u00bb width=\u00bb100%\u00bb height=\u00bb364px\u00bb height_tablet=\u00bb\u00bb height_phone=\u00bb\u00bb height_last_edited=\u00bbon|tablet\u00bb custom_margin=\u00bb-4px|0px|-4px|0px|true|false\u00bb custom_margin_tablet=\u00bb0px|0px|0px|0px|true|false\u00bb custom_margin_phone=\u00bb\u00bb custom_margin_last_edited=\u00bbon|phone\u00bb custom_padding=\u00bb0px|0px|0px|0px|false|false\u00bb global_module=\u00bb1097&#8243; saved_tabs=\u00bball\u00bb global_colors_info=\u00bb{}\u00bb][et_pb_column type=\u00bb1_3&#8243; _builder_version=\u00bb4.16&#8243; _dynamic_attributes=\u00bblink_option_url\u00bb _module_preset=\u00bbdefault\u00bb background_image=\u00bbhttps:\/\/mutualeuro.com.ar\/website\/wp-content\/uploads\/2021\/06\/Slide-2-Servicios-Sociales_b.jpg\u00bb background_size=\u00bbinitial\u00bb custom_padding=\u00bb8px||80px||false|false\u00bb filter_saturate=\u00bb70%\u00bb link_option_url=\u00bb@ET-DC@eyJkeW5hbWljIjp0cnVlLCJjb250ZW50IjoicG9zdF9saW5rX3VybF9wYWdlIiwic2V0dGluZ3MiOnsicG9zdF9pZCI6IjI5NiJ9fQ==@\u00bb global_colors_info=\u00bb{}\u00bb filter_saturate__hover_enabled=\u00bbon|desktop\u00bb filter_brightness__hover_enabled=\u00bbon|hover\u00bb filter_brightness__hover=\u00bb130%\u00bb filter_saturate__hover=\u00bb70%\u00bb][et_pb_text _builder_version=\u00bb4.16&#8243; _module_preset=\u00bbdefault\u00bb text_text_color=\u00bb#FFFFFF\u00bb text_font_size=\u00bb17px\u00bb text_line_height=\u00bb0.1em\u00bb header_font=\u00bb|700||on|||||\u00bb header_text_color=\u00bb#FFFFFF\u00bb header_font_size=\u00bb51px\u00bb header_2_font=\u00bb|300||on|||||\u00bb header_2_text_color=\u00bb#FFFFFF\u00bb header_2_font_size=\u00bb27px\u00bb header_2_line_height=\u00bb0.3em\u00bb height=\u00bb364px\u00bb height_tablet=\u00bb\u00bb height_phone=\u00bb\u00bb height_last_edited=\u00bbon|tablet\u00bb custom_margin=\u00bb38px|||34px|false|false\u00bb custom_margin_tablet=\u00bb\u00bb custom_margin_phone=\u00bb\u00bb custom_margin_last_edited=\u00bbon|desktop\u00bb text_font_size_tablet=\u00bb14px\u00bb text_font_size_phone=\u00bb\u00bb text_font_size_last_edited=\u00bbon|phone\u00bb header_font_size_tablet=\u00bb34px\u00bb header_font_size_phone=\u00bb\u00bb header_font_size_last_edited=\u00bbon|phone\u00bb header_2_font_size_tablet=\u00bb\u00bb header_2_font_size_phone=\u00bb20px\u00bb header_2_font_size_last_edited=\u00bbon|phone\u00bb global_colors_info=\u00bb{}\u00bb]<\/p>\n<h2>Servicios<\/h2>\n<h1>Sociales<\/h1>\n<p>Eficacia y respuestas.<\/p>\n<p>[\/et_pb_text][\/et_pb_column][et_pb_column type=\u00bb1_3&#8243; _builder_version=\u00bb4.16&#8243; _dynamic_attributes=\u00bblink_option_url\u00bb _module_preset=\u00bbdefault\u00bb background_image=\u00bbhttps:\/\/mutualeuro.com.ar\/website\/wp-content\/uploads\/2021\/06\/Slide_Financieros_home.jpg\u00bb background_size=\u00bbinitial\u00bb custom_padding=\u00bb8px||80px||false|false\u00bb filter_saturate=\u00bb70%\u00bb filter_brightness=\u00bb130%\u00bb link_option_url=\u00bb@ET-DC@eyJkeW5hbWljIjp0cnVlLCJjb250ZW50IjoicG9zdF9saW5rX3VybF9wYWdlIiwic2V0dGluZ3MiOnsicG9zdF9pZCI6IjM3NiJ9fQ==@\u00bb global_colors_info=\u00bb{}\u00bb filter_saturate__hover_enabled=\u00bbon|desktop\u00bb filter_brightness__hover_enabled=\u00bbon|desktop\u00bb filter_saturate__hover=\u00bb70%\u00bb filter_brightness__hover=\u00bb130%\u00bb][et_pb_text _builder_version=\u00bb4.16&#8243; _module_preset=\u00bbdefault\u00bb text_text_color=\u00bb#FFFFFF\u00bb text_font_size=\u00bb17px\u00bb text_line_height=\u00bb0.1em\u00bb header_font=\u00bb|700||on|||||\u00bb header_text_color=\u00bb#FFFFFF\u00bb header_font_size=\u00bb51px\u00bb header_2_font=\u00bb|300||on|||||\u00bb header_2_text_color=\u00bb#FFFFFF\u00bb header_2_font_size=\u00bb27px\u00bb header_2_line_height=\u00bb0.3em\u00bb height=\u00bb364px\u00bb height_tablet=\u00bb\u00bb height_phone=\u00bb\u00bb height_last_edited=\u00bbon|tablet\u00bb custom_margin=\u00bb38px|||34px|false|false\u00bb custom_margin_tablet=\u00bb\u00bb custom_margin_phone=\u00bb\u00bb custom_margin_last_edited=\u00bbon|desktop\u00bb text_font_size_tablet=\u00bb14px\u00bb text_font_size_phone=\u00bb\u00bb text_font_size_last_edited=\u00bbon|phone\u00bb header_font_size_tablet=\u00bb34px\u00bb header_font_size_phone=\u00bb\u00bb header_font_size_last_edited=\u00bbon|phone\u00bb header_2_font_size_tablet=\u00bb\u00bb header_2_font_size_phone=\u00bb20px\u00bb header_2_font_size_last_edited=\u00bbon|phone\u00bb global_colors_info=\u00bb{}\u00bb]<\/p>\n<h2>Servicios<\/h2>\n<h1>Financieros<\/h1>\n<p>Simple, r\u00e1pido y seguro.<\/p>\n<p>[\/et_pb_text][\/et_pb_column][et_pb_column type=\u00bb1_3&#8243; _builder_version=\u00bb4.16&#8243; _dynamic_attributes=\u00bblink_option_url\u00bb _module_preset=\u00bbdefault\u00bb background_image=\u00bbhttps:\/\/mutualeuro.com.ar\/website\/wp-content\/uploads\/2021\/04\/Slide-4-Noti-Destacados.jpg\u00bb background_size=\u00bbinitial\u00bb background_blend=\u00bbdarken\u00bb custom_padding=\u00bb8px||80px||false|false\u00bb filter_saturate=\u00bb70%\u00bb filter_brightness=\u00bb130%\u00bb link_option_url=\u00bb@ET-DC@eyJkeW5hbWljIjp0cnVlLCJjb250ZW50IjoicG9zdF9saW5rX3VybF9wYWdlIiwic2V0dGluZ3MiOnsicG9zdF9pZCI6IjM5MiJ9fQ==@\u00bb global_colors_info=\u00bb{}\u00bb filter_saturate__hover_enabled=\u00bbon|desktop\u00bb filter_brightness__hover_enabled=\u00bbon|desktop\u00bb filter_saturate__hover=\u00bb70%\u00bb filter_brightness__hover=\u00bb130%\u00bb][et_pb_text _builder_version=\u00bb4.16&#8243; _module_preset=\u00bbdefault\u00bb text_text_color=\u00bb#FFFFFF\u00bb text_font_size=\u00bb17px\u00bb text_line_height=\u00bb0.1em\u00bb header_font=\u00bb|700||on|||||\u00bb header_text_color=\u00bb#FFFFFF\u00bb header_font_size=\u00bb51px\u00bb header_2_font=\u00bb|300||on|||||\u00bb header_2_text_color=\u00bb#FFFFFF\u00bb header_2_font_size=\u00bb27px\u00bb header_2_line_height=\u00bb0.3em\u00bb height=\u00bb364px\u00bb height_tablet=\u00bb\u00bb height_phone=\u00bb\u00bb height_last_edited=\u00bbon|tablet\u00bb custom_margin=\u00bb38px|||34px|false|false\u00bb custom_margin_tablet=\u00bb\u00bb custom_margin_phone=\u00bb\u00bb custom_margin_last_edited=\u00bbon|desktop\u00bb text_font_size_tablet=\u00bb14px\u00bb text_font_size_phone=\u00bb\u00bb text_font_size_last_edited=\u00bbon|phone\u00bb header_font_size_tablet=\u00bb34px\u00bb header_font_size_phone=\u00bb\u00bb header_font_size_last_edited=\u00bbon|phone\u00bb header_2_font_size_tablet=\u00bb\u00bb header_2_font_size_phone=\u00bb20px\u00bb header_2_font_size_last_edited=\u00bbon|phone\u00bb global_colors_info=\u00bb{}\u00bb]<\/p>\n<h2>Noticias<\/h2>\n<h1>Destacadas<\/h1>\n<p>Inf\u00f3rmese de todas las novedades.<\/p>\n<p>[\/et_pb_text][\/et_pb_column][\/et_pb_row][\/et_pb_section]<\/p>\n","protected":false},"excerpt":{"rendered":"<p>Contamos con una Farmacia de primera l\u00ednea que provee a nuestros socios con una gran variedad de medicamentos recetados, medicamentos de venta libre, electromedicina, suplementos dietarios y nutricionales, leches maternizadas, accesorios y cuidados de beb\u00e9s y ni\u00f1os, cuidado oral, dermatocosm\u00e9tica, herborister\u00eda y productos cosm\u00e9ticos. &nbsp; DESCUENTOS ESPECIALES 30% en MEDICAMENTOS RECETADOS (seg\u00fan Vadem\u00e9cum)25% en MEDICAMENTOS [&hellip;]<\/p>\n","protected":false},"author":3,"featured_media":0,"parent":0,"menu_order":0,"comment_status":"closed","ping_status":"closed","template":"","meta":{"_et_pb_use_builder":"on","_et_pb_old_content":"","_et_gb_content_width":"","footnotes":""},"class_list":["post-271","page","type-page","status-publish","hentry"],"_links":{"self":[{"href":"https:\/\/mutualeuro.com.ar\/website\/wp-json\/wp\/v2\/pages\/271","targetHints":{"allow":["GET"]}}],"collection":[{"href":"https:\/\/mutualeuro.com.ar\/website\/wp-json\/wp\/v2\/pages"}],"about":[{"href":"https:\/\/mutualeuro.com.ar\/website\/wp-json\/wp\/v2\/types\/page"}],"author":[{"embeddable":true,"href":"https:\/\/mutualeuro.com.ar\/website\/wp-json\/wp\/v2\/users\/3"}],"replies":[{"embeddable":true,"href":"https:\/\/mutualeuro.com.ar\/website\/wp-json\/wp\/v2\/comments?post=271"}],"version-history":[{"count":27,"href":"https:\/\/mutualeuro.com.ar\/website\/wp-json\/wp\/v2\/pages\/271\/revisions"}],"predecessor-version":[{"id":1435,"href":"https:\/\/mutualeuro.com.ar\/website\/wp-json\/wp\/v2\/pages\/271\/revisions\/1435"}],"wp:attachment":[{"href":"https:\/\/mutualeuro.com.ar\/website\/wp-json\/wp\/v2\/media?parent=271"}],"curies":[{"name":"wp","href":"https:\/\/api.w.org\/{rel}","templated":true}]}}