{"id":254,"date":"2021-04-28T22:38:48","date_gmt":"2021-04-28T22:38:48","guid":{"rendered":"https:\/\/mutualeuro.com.ar\/website\/?page_id=254"},"modified":"2024-11-26T11:44:25","modified_gmt":"2024-11-26T11:44:25","slug":"borrador-automatico","status":"publish","type":"page","link":"https:\/\/mutualeuro.com.ar\/website\/borrador-automatico\/","title":{"rendered":"Institucional"},"content":{"rendered":"<p>[et_pb_section fb_built=\u00bb1&#8243; _builder_version=\u00bb4.16&#8243; _module_preset=\u00bbdefault\u00bb custom_margin=\u00bb0px|0px|0px|0px|false|false\u00bb custom_padding=\u00bb0px|0px|0px|0px|false|false\u00bb global_colors_info=\u00bb{}\u00bb][et_pb_row _builder_version=\u00bb4.16&#8243; _module_preset=\u00bbdefault\u00bb width=\u00bb100%\u00bb custom_margin=\u00bb0px|0px|0px|0px|false|false\u00bb custom_padding=\u00bb0px||0px|0px|false|false\u00bb global_colors_info=\u00bb{}\u00bb][et_pb_column type=\u00bb4_4&#8243; _builder_version=\u00bb4.16&#8243; _module_preset=\u00bbdefault\u00bb global_colors_info=\u00bb{}\u00bb][et_pb_image src=\u00bbhttps:\/\/mutualeuro.com.ar\/website\/wp-content\/uploads\/2021\/04\/Home.jpg\u00bb title_text=\u00bbHome\u00bb force_fullwidth=\u00bbon\u00bb _builder_version=\u00bb4.16&#8243; _module_preset=\u00bbdefault\u00bb global_colors_info=\u00bb{}\u00bb][\/et_pb_image][\/et_pb_column][\/et_pb_row][et_pb_row _builder_version=\u00bb4.16&#8243; _module_preset=\u00bbdefault\u00bb global_colors_info=\u00bb{}\u00bb][et_pb_column type=\u00bb4_4&#8243; _builder_version=\u00bb4.16&#8243; _module_preset=\u00bbdefault\u00bb global_colors_info=\u00bb{}\u00bb][et_pb_text _builder_version=\u00bb4.27.2&#8243; _module_preset=\u00bbdefault\u00bb text_font=\u00bbRoboto||||||||\u00bb text_text_color=\u00bb#000000&#8243; text_font_size=\u00bb16px\u00bb text_line_height=\u00bb1.9em\u00bb header_3_font=\u00bb|700|||||||\u00bb header_3_text_color=\u00bb#1857a6&#8243; custom_padding=\u00bb|44px|||false|false\u00bb custom_padding_tablet=\u00bb\u00bb custom_padding_phone=\u00bb\u00bb custom_padding_last_edited=\u00bbon|desktop\u00bb hover_enabled=\u00bb0&#8243; global_colors_info=\u00bb{}\u00bb sticky_enabled=\u00bb0&#8243;]<\/p>\n<p>La Asociaci\u00f3n Mutual Euroamericana fue fundada el El 25 de diciembre de 1905 en el seno de la colectividad portuguesa.<br \/>Esta sociedad naci\u00f3 en la ciudad de Rosario y sus primeros estatutos fueron aprobados por la Asamblea General Extraordinaria celebrada en el local social, que se encontraba ubicado en calle Santiago 963, el d\u00eda 15 de julio 1906.<br \/>El origen de la mutual se remonta al nacimiento mismo del cooperativismo y mutualismo en la Argentina, como consecuencia del asentamiento de contingentes europeos y en momentos de carencias casi totales en el campo social.<br \/>En enero de 2001, cuando nos instalamos en San Nicol\u00e1s, pasamos a llamarnos Asociaci\u00f3n Mutual Euroamericana, dejando de lado la identificaci\u00f3n de Sociedad Portuguesa de Socorros Mutuos como se la conoci\u00f3 desde los inicios del siglo XX.<br \/>Finalmente el 27 de julio de 2007 qued\u00f3 inaugurada oficialmente la nueva Casa Central en San Nicol\u00e1s en donde se encuentra actualmente, Naci\u00f3n 340 Planta Alta.<br \/>El trabajo realizado y la continuidad en el tiempo son destacados por el Instituto Naci\u00f3n de Asociativismo y Econom\u00eda Social, organismo del Estado Nacional, por ser una de las \u00fanicas mutuales en el pa\u00eds por tener m\u00e1s de un siglo de trabajo continuo<br \/><strong>Misi\u00f3n:<\/strong> Nuestra misi\u00f3n es cubrir las necesidades de nuestros asociados, ofreciendo soluciones que mejoren su calidad de vida y fomenten la ayuda mutua.<br \/><strong>Visi\u00f3n:<\/strong> Aspiramos a identificar y cubrir las necesidades no satisfechas de nuestros socios, brindando un apoyo integral y constante a lo largo de cada etapa de sus vidas.<\/p>\n<p>[\/et_pb_text][\/et_pb_column][\/et_pb_row][\/et_pb_section]<\/p>\n","protected":false},"excerpt":{"rendered":"<p>La Asociaci\u00f3n Mutual Euroamericana fue fundada el El 25 de diciembre de 1905 en el seno de la colectividad portuguesa.Esta sociedad naci\u00f3 en la ciudad de Rosario y sus primeros estatutos fueron aprobados por la Asamblea General Extraordinaria celebrada en el local social, que se encontraba ubicado en calle Santiago 963, el d\u00eda 15 de [&hellip;]<\/p>\n","protected":false},"author":3,"featured_media":0,"parent":0,"menu_order":0,"comment_status":"closed","ping_status":"closed","template":"","meta":{"_et_pb_use_builder":"on","_et_pb_old_content":"","_et_gb_content_width":"","footnotes":""},"class_list":["post-254","page","type-page","status-publish","hentry"],"_links":{"self":[{"href":"https:\/\/mutualeuro.com.ar\/website\/wp-json\/wp\/v2\/pages\/254","targetHints":{"allow":["GET"]}}],"collection":[{"href":"https:\/\/mutualeuro.com.ar\/website\/wp-json\/wp\/v2\/pages"}],"about":[{"href":"https:\/\/mutualeuro.com.ar\/website\/wp-json\/wp\/v2\/types\/page"}],"author":[{"embeddable":true,"href":"https:\/\/mutualeuro.com.ar\/website\/wp-json\/wp\/v2\/users\/3"}],"replies":[{"embeddable":true,"href":"https:\/\/mutualeuro.com.ar\/website\/wp-json\/wp\/v2\/comments?post=254"}],"version-history":[{"count":12,"href":"https:\/\/mutualeuro.com.ar\/website\/wp-json\/wp\/v2\/pages\/254\/revisions"}],"predecessor-version":[{"id":1599,"href":"https:\/\/mutualeuro.com.ar\/website\/wp-json\/wp\/v2\/pages\/254\/revisions\/1599"}],"wp:attachment":[{"href":"https:\/\/mutualeuro.com.ar\/website\/wp-json\/wp\/v2\/media?parent=254"}],"curies":[{"name":"wp","href":"https:\/\/api.w.org\/{rel}","templated":true}]}}