{"id":1543,"date":"2024-10-14T18:20:22","date_gmt":"2024-10-14T18:20:22","guid":{"rendered":"https:\/\/mutualeuro.com.ar\/website\/?page_id=1543"},"modified":"2024-12-16T21:02:10","modified_gmt":"2024-12-16T21:02:10","slug":"plan-plus","status":"publish","type":"page","link":"https:\/\/mutualeuro.com.ar\/website\/plan-plus\/","title":{"rendered":"Plan plus"},"content":{"rendered":"<p>[et_pb_section fb_built=\u00bb1&#8243; _builder_version=\u00bb4.16&#8243; _module_preset=\u00bbdefault\u00bb custom_margin=\u00bb0px|0px|0px|0px|false|false\u00bb custom_padding=\u00bb0px|0px|0px|0px|false|false\u00bb global_colors_info=\u00bb{}\u00bb][et_pb_row _builder_version=\u00bb4.16&#8243; _module_preset=\u00bbdefault\u00bb width=\u00bb100%\u00bb custom_margin=\u00bb0px|0px|0px|0px|false|false\u00bb custom_padding=\u00bb0px||0px|0px|false|false\u00bb global_colors_info=\u00bb{}\u00bb][et_pb_column type=\u00bb4_4&#8243; _builder_version=\u00bb4.16&#8243; _module_preset=\u00bbdefault\u00bb global_colors_info=\u00bb{}\u00bb][et_pb_image src=\u00bbhttps:\/\/mutualeuro.com.ar\/website\/wp-content\/uploads\/2024\/10\/3.-Imigen-para-Slide-de-Home-PLan-Plus.png\u00bb title_text=\u00bb3. Im+\u00edgen para Slide de Home &#8211; PLan Plus\u00bb force_fullwidth=\u00bbon\u00bb _builder_version=\u00bb4.27.4&#8243; _module_preset=\u00bbdefault\u00bb custom_margin=\u00bb-35px||||false|false\u00bb hover_enabled=\u00bb0&#8243; global_colors_info=\u00bb{}\u00bb sticky_enabled=\u00bb0&#8243;][\/et_pb_image][\/et_pb_column][\/et_pb_row][et_pb_row _builder_version=\u00bb4.16&#8243; _module_preset=\u00bbdefault\u00bb global_colors_info=\u00bb{}\u00bb][et_pb_column type=\u00bb4_4&#8243; _builder_version=\u00bb4.16&#8243; _module_preset=\u00bbdefault\u00bb global_colors_info=\u00bb{}\u00bb][et_pb_text _builder_version=\u00bb4.27.2&#8243; _module_preset=\u00bbdefault\u00bb text_font_size=\u00bb16px\u00bb text_line_height=\u00bb1.8em\u00bb header_font=\u00bbRoboto||||||||\u00bb header_font_size=\u00bb25px\u00bb header_line_height=\u00bb1.3em\u00bb header_2_font=\u00bb|600|||||||\u00bb header_2_text_color=\u00bb#1857a6&#8243; header_2_font_size=\u00bb19px\u00bb custom_margin=\u00bb||135px||false|false\u00bb custom_margin_tablet=\u00bb\u00bb custom_margin_phone=\u00bb\u00bb custom_margin_last_edited=\u00bbon|desktop\u00bb custom_padding=\u00bb||29px||false|false\u00bb text_font_size_tablet=\u00bb\u00bb text_font_size_phone=\u00bb\u00bb text_font_size_last_edited=\u00bbon|tablet\u00bb text_line_height_tablet=\u00bb1.4em\u00bb text_line_height_phone=\u00bb\u00bb text_line_height_last_edited=\u00bbon|tablet\u00bb header_font_size_tablet=\u00bb23px\u00bb header_font_size_phone=\u00bb\u00bb header_font_size_last_edited=\u00bbon|tablet\u00bb header_2_font_size_tablet=\u00bb16px\u00bb header_2_font_size_phone=\u00bb\u00bb header_2_font_size_last_edited=\u00bbon|tablet\u00bb global_colors_info=\u00bb{}\u00bb]<\/p>\n<h1>Plan plus<\/h1>\n<p>El <strong>PLAN PROTEGER PLUS<\/strong> ofrece una cobertura m\u00e9dica con beneficios adicionales que complementan la cobertura base para afiliados. Este plan tiene dos modalidades principales: <strong>PLAN INDIVIDUAL<\/strong> (para un titular) y <strong>PLAN FAMILIAR<\/strong>, que incluye un titular m\u00e1s un integrante (esposa o hijo), sin tope en la cantidad de integrantes adicionales.<\/p>\n<p><strong>Caracter\u00edsticas principales:<\/strong><\/p>\n<ol>\n<li><strong>Autorizaci\u00f3n de prestaciones<\/strong>: Todas las prestaciones deben ser autorizadas previamente para controlar los topes y las carencias. Los afiliados acceden a la cobertura mediante una orden que pueden obtener:<\/li>\n<\/ol>\n<p><strong>En forma presencial<\/strong>:\u00a0 en el Centro M\u00e9dico Av Falc\u00f3n 513 \u2013 San Nicol\u00e1s o en nuestra sede central De la Naci\u00f3n 340 \u2013 San Nicol\u00e1s<\/p>\n<p><strong>En forma virtual<\/strong>:\u00a0 por WhatsApp al + 549 336 440-2224 esencialmente o por WhatsApp desde los consultorios de AV. FALC\u00d3N 513, o\u00a0 en la direcci\u00f3n de oficinas fuera de SAN NICOLAS.<\/p>\n<ol>\n<li><strong>Identificaci\u00f3n del afiliado<\/strong>: Los afiliados reciben una credencial en formato PDF por WhatsApp para presentar al prestador, y firmar\u00e1n la orden que luego vuelve a la Mutual junto con la facturaci\u00f3n.<\/li>\n<li><strong>Cero costos adicionales<\/strong>: No se debe pagar ning\u00fan coseguro ni plus por las prestaciones.<\/li>\n<\/ol>\n<p><strong>Coberturas y Topes (por a\u00f1o aniversario):<\/strong><\/p>\n<table>\n<thead>\n<tr>\n<td><strong>Prestaci\u00f3n<\/strong><\/td>\n<td><strong>Plan Plus<\/strong><\/td>\n<td><strong>Plan Plus Superior<\/strong><\/td>\n<\/tr>\n<\/thead>\n<tbody>\n<tr>\n<td><strong>Consultas<\/strong><\/td>\n<td>5 (titular) \/ 12 (familiar)<\/td>\n<td>10 (titular) \/ 24(familiar)<\/td>\n<\/tr>\n<tr>\n<td><strong>Laboratorio<\/strong><\/td>\n<td>2 (titular) \/ 4 (familiar)<\/td>\n<td>4 (titular) \/ 6 (familiar)<\/td>\n<\/tr>\n<tr>\n<td><strong>Imagen<\/strong><\/td>\n<td>1 (titular) \/ 2 (familiar)<\/td>\n<td>1 (titular) \/ 2 (familiar)<\/td>\n<\/tr>\n<tr>\n<td><strong>TAC\/RNM<\/strong><\/td>\n<td>1 (titular y familiar)<\/td>\n<td>1 (titular y familiar)<\/td>\n<\/tr>\n<tr>\n<td><strong>\u00d3ptica<\/strong><\/td>\n<td>Un par de anteojos al a\u00f1o (sin carencia)<\/td>\n<td>Un par para todos<\/td>\n<\/tr>\n<tr>\n<td><strong>Asistencia en viaje<\/strong><\/td>\n<td>Toda la familia (dentro del pa\u00eds)<\/td>\n<td>Toda la familia<\/td>\n<\/tr>\n<tr>\n<td><strong>Subsidio Salud<\/strong><\/td>\n<td>Toda la familia (sin carencia)<\/td>\n<td>Toda la familia (sin carencia)<\/td>\n<\/tr>\n<tr>\n<td><strong>Farmacia<\/strong><\/td>\n<td>30% de descuento para toda la familia<\/td>\n<td>30% para toda la familia<\/td>\n<\/tr>\n<tr>\n<td><strong>Sepelio\/Cremaci\u00f3n<\/strong><\/td>\n<td>Toda la familia (360 d\u00edas de carencia)<\/td>\n<td>Toda la familia (arancel preferencial en parcela o nicho)<\/td>\n<\/tr>\n<\/tbody>\n<\/table>\n<p><strong>Luego del a\u00f1o aniversario se inicia nuevamente el men\u00fa prestacional con los topes establecidos por reglamento en ambos planes .<\/strong><\/p>\n<p><strong>Las pr\u00e1cticas que no se utilizan no se acumulan para los per\u00edodos posteriores.<\/strong><\/p>\n<p><strong>Beneficios adicionales:<\/strong><\/p>\n<ul>\n<li><strong>Mayor acceso a consultas<\/strong>: Consultas con especialistas que muchas veces no est\u00e1n cubiertas por la obra social.<\/li>\n<li><strong>Mejora en la calidad de atenci\u00f3n<\/strong>: Coordinaci\u00f3n entre servicios que permite un tratamiento m\u00e1s completo, incluyendo pr\u00e1cticas limitadas o negadas por otras coberturas.<\/li>\n<li><strong>Prevenci\u00f3n y diagn\u00f3stico temprano<\/strong>: Al eliminar costos extras como coseguros, se facilita el acceso a atenci\u00f3n preventiva.<\/li>\n<li><strong>Consultas odontol\u00f3gicas y psicol\u00f3gicas<\/strong>: Incluidas dentro del plan de consultas, con el mismo acceso que las consultas m\u00e9dicas.<\/li>\n<li><strong>Atenci\u00f3n en domicilio y traslados especiales<\/strong>: Cuidado de personas en domicilio por dos d\u00edas sin cargo y traslado en especial en caso de movilidad disminuida, con aranceles preferenciales.<\/li>\n<\/ul>\n<p><strong>Formas de pago:<\/strong><\/p>\n<p>El cobro se realiza mediante tarjeta de cr\u00e9dito, CBU, billeteras virtuales, o medios digitales.<\/p>\n<p>Este plan tambi\u00e9n se adapta a personas con <strong>enfermedades cr\u00f3nicas<\/strong>, ampliando la cobertura base para tratar condiciones como diabetes, hipertensi\u00f3n, y otros problemas de salud. No quedan excluidas las Patolog\u00edas Preexistentes.<\/p>\n<p>Para mayor informaci\u00f3n comunicarse por WhatsApp\u00a0\u00a0 +549 336 457-1247\u00a0\u00a0 \/\u00a0 +549 336 453-2420<\/p>\n<p>[\/et_pb_text][\/et_pb_column][\/et_pb_row][\/et_pb_section][et_pb_section fb_built=\u00bb1&#8243; _builder_version=\u00bb4.16&#8243; _module_preset=\u00bbdefault\u00bb custom_margin_tablet=\u00bb0px||0px||false|false\u00bb custom_margin_phone=\u00bb\u00bb custom_margin_last_edited=\u00bbon|tablet\u00bb custom_padding=\u00bb0px||0px||false|false\u00bb global_colors_info=\u00bb{}\u00bb][et_pb_row column_structure=\u00bb1_2,1_2&#8243; use_custom_gutter=\u00bbon\u00bb gutter_width=\u00bb1&#8243; make_equal=\u00bbon\u00bb _builder_version=\u00bb4.11.1&#8243; _module_preset=\u00bbdefault\u00bb width=\u00bb100%\u00bb height=\u00bb364px\u00bb height_tablet=\u00bb\u00bb height_phone=\u00bbauto\u00bb height_last_edited=\u00bbon|phone\u00bb custom_margin=\u00bb-4px|0px|-4px|0px|true|false\u00bb custom_margin_tablet=\u00bb-4px|0px|-4px|0px|true|false\u00bb custom_margin_phone=\u00bb0px||0px||true|false\u00bb custom_margin_last_edited=\u00bbon|phone\u00bb custom_padding=\u00bb0px|0px|0px|0px|false|false\u00bb global_module=\u00bb1090&#8243; global_colors_info=\u00bb{}\u00bb][et_pb_column type=\u00bb1_2&#8243; _builder_version=\u00bb4.16&#8243; _module_preset=\u00bbdefault\u00bb background_image=\u00bbhttps:\/\/mutualeuro.com.ar\/website\/wp-content\/uploads\/2021\/06\/Slide-2-Servicios-Sociales_b.jpg\u00bb custom_padding=\u00bb71px||191px||false|false\u00bb custom_padding_tablet=\u00bb8px||80px||false|false\u00bb custom_padding_phone=\u00bb\u00bb custom_padding_last_edited=\u00bbon|tablet\u00bb global_colors_info=\u00bb{}\u00bb filter_brightness__hover_enabled=\u00bbon|hover\u00bb filter_brightness__hover=\u00bb130%\u00bb filter_saturate__hover_enabled=\u00bbon|hover\u00bb filter_saturate__hover=\u00bb70%\u00bb][et_pb_text _builder_version=\u00bb4.16&#8243; _dynamic_attributes=\u00bblink_option_url\u00bb _module_preset=\u00bbdefault\u00bb text_text_color=\u00bb#FFFFFF\u00bb text_font_size=\u00bb17px\u00bb text_line_height=\u00bb0.1em\u00bb header_font=\u00bb|700||on|||||\u00bb header_text_color=\u00bb#FFFFFF\u00bb header_font_size=\u00bb51px\u00bb header_2_font=\u00bb|300||on|||||\u00bb header_2_text_color=\u00bb#FFFFFF\u00bb header_2_font_size=\u00bb27px\u00bb header_2_line_height=\u00bb0.3em\u00bb custom_margin=\u00bb38px|||34px|false|false\u00bb custom_margin_tablet=\u00bb\u00bb custom_margin_phone=\u00bb\u00bb custom_margin_last_edited=\u00bbon|desktop\u00bb filter_brightness=\u00bb130%\u00bb link_option_url=\u00bb@ET-DC@eyJkeW5hbWljIjp0cnVlLCJjb250ZW50IjoicG9zdF9saW5rX3VybF9wYWdlIiwic2V0dGluZ3MiOnsicG9zdF9pZCI6IjI5NiJ9fQ==@\u00bb text_font_size_tablet=\u00bb14px\u00bb text_font_size_phone=\u00bb\u00bb text_font_size_last_edited=\u00bbon|tablet\u00bb header_font_size_tablet=\u00bb34px\u00bb header_font_size_phone=\u00bb\u00bb header_font_size_last_edited=\u00bbon|tablet\u00bb header_2_font_size_tablet=\u00bb20px\u00bb header_2_font_size_phone=\u00bb\u00bb header_2_font_size_last_edited=\u00bbon|tablet\u00bb global_colors_info=\u00bb{}\u00bb filter_saturate__hover_enabled=\u00bbon|hover\u00bb filter_saturate__hover=\u00bb70%\u00bb]<\/p>\n<h2>Servicios<\/h2>\n<h1>Sociales<\/h1>\n<p>Eficacia y Respuestas<\/p>\n<p>[\/et_pb_text][\/et_pb_column][et_pb_column type=\u00bb1_2&#8243; _builder_version=\u00bb4.16&#8243; _dynamic_attributes=\u00bblink_option_url\u00bb _module_preset=\u00bbdefault\u00bb background_image=\u00bbhttps:\/\/mutualeuro.com.ar\/website\/wp-content\/uploads\/2021\/04\/Slide-4-Noti-Destacados.jpg\u00bb custom_padding=\u00bb71px||191px||false|false\u00bb custom_padding_tablet=\u00bb8px||80px||false|false\u00bb custom_padding_phone=\u00bb\u00bb custom_padding_last_edited=\u00bbon|tablet\u00bb link_option_url=\u00bb@ET-DC@eyJkeW5hbWljIjp0cnVlLCJjb250ZW50IjoicG9zdF9saW5rX3VybF9wYWdlIiwic2V0dGluZ3MiOnsicG9zdF9pZCI6IjM5MiJ9fQ==@\u00bb filter_saturate_last_edited=\u00bboff|desktop\u00bb global_colors_info=\u00bb{}\u00bb filter_saturate__hover_enabled=\u00bbon|hover\u00bb filter_saturate__hover=\u00bb70%\u00bb filter_brightness__hover_enabled=\u00bbon|hover\u00bb filter_brightness__hover=\u00bb130%\u00bb][et_pb_text _builder_version=\u00bb4.16&#8243; _module_preset=\u00bbdefault\u00bb text_text_color=\u00bb#FFFFFF\u00bb text_font_size=\u00bb17px\u00bb text_line_height=\u00bb0.1em\u00bb header_font=\u00bb|700||on|||||\u00bb header_text_color=\u00bb#FFFFFF\u00bb header_font_size=\u00bb51px\u00bb header_2_font=\u00bb|300||on|||||\u00bb header_2_text_color=\u00bb#FFFFFF\u00bb header_2_font_size=\u00bb27px\u00bb header_2_line_height=\u00bb0.3em\u00bb custom_margin=\u00bb38px|||34px|false|false\u00bb custom_margin_tablet=\u00bb\u00bb custom_margin_phone=\u00bb\u00bb custom_margin_last_edited=\u00bbon|desktop\u00bb filter_brightness=\u00bb130%\u00bb text_font_size_tablet=\u00bb14px\u00bb text_font_size_phone=\u00bb\u00bb text_font_size_last_edited=\u00bbon|tablet\u00bb header_font_size_tablet=\u00bb34px\u00bb header_font_size_phone=\u00bb\u00bb header_font_size_last_edited=\u00bbon|tablet\u00bb header_2_font_size_tablet=\u00bb20px\u00bb header_2_font_size_phone=\u00bb\u00bb header_2_font_size_last_edited=\u00bbon|tablet\u00bb global_colors_info=\u00bb{}\u00bb filter_saturate__hover=\u00bb70%\u00bb filter_saturate__hover_enabled=\u00bbon|hover\u00bb]<\/p>\n<h2>Noticias<\/h2>\n<h1>Destacadas<\/h1>\n<p>Inf\u00f3rmese de todas las novedades.<\/p>\n<p>[\/et_pb_text][\/et_pb_column][\/et_pb_row][\/et_pb_section][et_pb_section fb_built=\u00bb1&#8243; _builder_version=\u00bb4.9.4&#8243; _module_preset=\u00bbdefault\u00bb background_color=\u00bb#0fae2d\u00bb custom_margin=\u00bb0px||0px||false|false\u00bb custom_padding=\u00bb0px||0px||false|false\u00bb global_module=\u00bb1220&#8243; global_colors_info=\u00bb{}\u00bb][et_pb_row disabled_on=\u00bboff|off|off\u00bb _builder_version=\u00bb4.16&#8243; _module_preset=\u00bbdefault\u00bb width=\u00bb100%\u00bb custom_margin=\u00bb0px|0px|0px|0px|false|true\u00bb custom_padding=\u00bb0px|0px|0px|0px|false|true\u00bb global_colors_info=\u00bb{}\u00bb][et_pb_column type=\u00bb4_4&#8243; _builder_version=\u00bb4.16&#8243; _module_preset=\u00bbdefault\u00bb global_colors_info=\u00bb{}\u00bb][et_pb_contact_form use_spam_service=\u00bbon\u00bb recaptcha_list=\u00bbmutual_euro2|mutual_euro2-0&#8243; email=\u00bbeurosuscripcion@gmail.com\u00bb title=\u00bbSuscripci\u00f3n a Newsletter para recibir novedades y beneficios.\u00bb custom_message=\u00bbHola quiero sucribirme al Newsletter\u00bb success_message=\u00bbGracias por suscribirte a nuestro Newsletter.\u00bb submit_button_text=\u00bbSuscribirse\u00bb disabled_on=\u00bbon|on|off\u00bb _builder_version=\u00bb4.16&#8243; _module_preset=\u00bbdefault\u00bb _unique_id=\u00bb70885c5b-6e2b-4867-9492-fe19ae8595fd\u00bb title_level=\u00bbh3&#8243; title_font=\u00bbRoboto||||||||\u00bb title_text_color=\u00bb#FFFFFF\u00bb title_font_size=\u00bb18px\u00bb custom_button=\u00bbon\u00bb button_text_size=\u00bb19px\u00bb button_text_color=\u00bb#FFFFFF\u00bb height=\u00bb100px\u00bb custom_margin=\u00bb50px||||false|false\u00bb custom_margin_tablet=\u00bb50px||||false|false\u00bb custom_margin_phone=\u00bb50px||||false|false\u00bb custom_margin_last_edited=\u00bbon|desktop\u00bb custom_css_contact_title=\u00bbmargin-top:13px;||margin-left:45px;||float:left;||width:550px;\u00bb custom_css_contact_button=\u00bbmargin-top:-30px;||margin-right:30px;\u00bb custom_css_contact_fields=\u00bbwidth:350px !important;||float:left;||margin-top:-50px;||margin-left:635px;\u00bb global_colors_info=\u00bb{}\u00bb][et_pb_contact_field field_id=\u00bbCorreo_electr\u00f3nico\u00bb field_title=\u00bbCorreo electr\u00f3nico\u00bb field_type=\u00bbemail\u00bb fullwidth_field=\u00bbon\u00bb _builder_version=\u00bb4.16&#8243; _module_preset=\u00bbdefault\u00bb form_field_font=\u00bbRoboto||||||||\u00bb form_field_font_size=\u00bb16px\u00bb border_radii=\u00bbon|3px|3px|3px|3px\u00bb global_colors_info=\u00bb{}\u00bb][\/et_pb_contact_field][\/et_pb_contact_form][et_pb_contact_form use_spam_service=\u00bbon\u00bb recaptcha_list=\u00bbmutual_euro2|mutual_euro2-0&#8243; email=\u00bbeurosuscripcion@gmail.com\u00bb title=\u00bbSuscripci\u00f3n a Newsletter para recibir novedades y beneficios.\u00bb custom_message=\u00bbHola quiero sucribirme al Newsletter.\u00bb success_message=\u00bbGracias por suscribirte a nuestro Newsletter.\u00bb submit_button_text=\u00bbSuscribirse\u00bb disabled_on=\u00bboff|off|on\u00bb _builder_version=\u00bb4.16&#8243; _module_preset=\u00bbdefault\u00bb _unique_id=\u00bb70885c5b-6e2b-4867-9492-fe19ae8595fd\u00bb title_level=\u00bbh3&#8243; title_font=\u00bbRoboto||||||||\u00bb title_text_color=\u00bb#FFFFFF\u00bb title_font_size=\u00bb18px\u00bb custom_button=\u00bbon\u00bb button_text_size=\u00bb19px\u00bb button_text_color=\u00bb#FFFFFF\u00bb button_custom_margin=\u00bb13px||||false|false\u00bb button_custom_margin_tablet=\u00bb10px|67px|||false|false\u00bb button_custom_margin_phone=\u00bb|97px|18px|97px|false|true\u00bb button_custom_margin_last_edited=\u00bbon|tablet\u00bb height=\u00bb100px\u00bb custom_margin=\u00bb50px||||false|false\u00bb custom_margin_tablet=\u00bb50px|35px|22px|88px|false|false\u00bb custom_margin_phone=\u00bb50px|12px||12px|false|true\u00bb custom_margin_last_edited=\u00bbon|desktop\u00bb custom_padding=\u00bb||0px||false|false\u00bb title_text_align_tablet=\u00bb\u00bb title_text_align_phone=\u00bbcenter\u00bb title_text_align_last_edited=\u00bbon|phone\u00bb form_field_text_align_tablet=\u00bb\u00bb form_field_text_align_phone=\u00bbcenter\u00bb form_field_text_align_last_edited=\u00bbon|phone\u00bb global_colors_info=\u00bb{}\u00bb custom_css_contact_fields_last_edited=\u00bbon|phone\u00bb custom_css_contact_fields_tablet=\u00bbmax-width:60%;||float:left;||\u00bb custom_css_contact_fields_phone=\u00bbmax-width:100%;||\u00bb][et_pb_contact_field field_id=\u00bbCorreo_electr\u00f3nico\u00bb field_title=\u00bbCorreo electr\u00f3nico\u00bb field_type=\u00bbemail\u00bb fullwidth_field=\u00bbon\u00bb _builder_version=\u00bb4.16&#8243; _module_preset=\u00bbdefault\u00bb form_field_font=\u00bbRoboto||||||||\u00bb form_field_font_size=\u00bb16px\u00bb border_radii=\u00bbon|3px|3px|3px|3px\u00bb global_colors_info=\u00bb{}\u00bb][\/et_pb_contact_field][\/et_pb_contact_form][\/et_pb_column][\/et_pb_row][\/et_pb_section]<\/p>\n","protected":false},"excerpt":{"rendered":"<p>Plan plus El PLAN PROTEGER PLUS ofrece una cobertura m\u00e9dica con beneficios adicionales que complementan la cobertura base para afiliados. Este plan tiene dos modalidades principales: PLAN INDIVIDUAL (para un titular) y PLAN FAMILIAR, que incluye un titular m\u00e1s un integrante (esposa o hijo), sin tope en la cantidad de integrantes adicionales. Caracter\u00edsticas principales: Autorizaci\u00f3n [&hellip;]<\/p>\n","protected":false},"author":7,"featured_media":0,"parent":0,"menu_order":0,"comment_status":"closed","ping_status":"closed","template":"","meta":{"_et_pb_use_builder":"on","_et_pb_old_content":"","_et_gb_content_width":"","footnotes":""},"class_list":["post-1543","page","type-page","status-publish","hentry"],"_links":{"self":[{"href":"https:\/\/mutualeuro.com.ar\/website\/wp-json\/wp\/v2\/pages\/1543","targetHints":{"allow":["GET"]}}],"collection":[{"href":"https:\/\/mutualeuro.com.ar\/website\/wp-json\/wp\/v2\/pages"}],"about":[{"href":"https:\/\/mutualeuro.com.ar\/website\/wp-json\/wp\/v2\/types\/page"}],"author":[{"embeddable":true,"href":"https:\/\/mutualeuro.com.ar\/website\/wp-json\/wp\/v2\/users\/7"}],"replies":[{"embeddable":true,"href":"https:\/\/mutualeuro.com.ar\/website\/wp-json\/wp\/v2\/comments?post=1543"}],"version-history":[{"count":4,"href":"https:\/\/mutualeuro.com.ar\/website\/wp-json\/wp\/v2\/pages\/1543\/revisions"}],"predecessor-version":[{"id":1640,"href":"https:\/\/mutualeuro.com.ar\/website\/wp-json\/wp\/v2\/pages\/1543\/revisions\/1640"}],"wp:attachment":[{"href":"https:\/\/mutualeuro.com.ar\/website\/wp-json\/wp\/v2\/media?parent=1543"}],"curies":[{"name":"wp","href":"https:\/\/api.w.org\/{rel}","templated":true}]}}