{"id":1331,"date":"2023-10-27T16:41:05","date_gmt":"2023-10-27T16:41:05","guid":{"rendered":"https:\/\/mutualeuro.com.ar\/website\/?page_id=1331"},"modified":"2023-10-27T16:41:09","modified_gmt":"2023-10-27T16:41:09","slug":"escuelas","status":"publish","type":"page","link":"https:\/\/mutualeuro.com.ar\/website\/escuelas\/","title":{"rendered":"Escuelas"},"content":{"rendered":"<p>[et_pb_section fb_built=\u00bb1&#8243; _builder_version=\u00bb4.9.4&#8243; _module_preset=\u00bbdefault\u00bb custom_margin=\u00bb0px|0px|0px|0px|false|false\u00bb custom_padding=\u00bb0px|0px|0px|0px|false|false\u00bb global_colors_info=\u00bb{}\u00bb][et_pb_row _builder_version=\u00bb4.9.4&#8243; _module_preset=\u00bbdefault\u00bb width=\u00bb100%\u00bb custom_margin=\u00bb0px|0px|0px|0px|false|false\u00bb custom_padding=\u00bb0px||0px|0px|false|false\u00bb global_colors_info=\u00bb{}\u00bb][et_pb_column type=\u00bb4_4&#8243; _builder_version=\u00bb4.9.4&#8243; _module_preset=\u00bbdefault\u00bb global_colors_info=\u00bb{}\u00bb][et_pb_image src=\u00bbhttps:\/\/mutualeuro.com.ar\/website\/wp-content\/uploads\/2021\/10\/vacunatorio.jpg\u00bb title_text=\u00bbvacunatorio\u00bb force_fullwidth=\u00bbon\u00bb _builder_version=\u00bb4.11.1&#8243; _module_preset=\u00bbdefault\u00bb global_colors_info=\u00bb{}\u00bb][\/et_pb_image][\/et_pb_column][\/et_pb_row][et_pb_row _builder_version=\u00bb4.9.4&#8243; _module_preset=\u00bbdefault\u00bb global_colors_info=\u00bb{}\u00bb][et_pb_column type=\u00bb4_4&#8243; _builder_version=\u00bb4.9.4&#8243; _module_preset=\u00bbdefault\u00bb global_colors_info=\u00bb{}\u00bb][et_pb_text _builder_version=\u00bb4.14.1&#8243; _module_preset=\u00bbdefault\u00bb text_font_size=\u00bb16px\u00bb text_line_height=\u00bb1.8em\u00bb header_font=\u00bbRoboto||||||||\u00bb header_font_size=\u00bb25px\u00bb header_line_height=\u00bb1.3em\u00bb header_2_font=\u00bb|600|||||||\u00bb header_2_text_color=\u00bb#1857a6&#8243; header_2_font_size=\u00bb19px\u00bb custom_margin=\u00bb||42px||false|false\u00bb custom_margin_tablet=\u00bb\u00bb custom_margin_phone=\u00bb\u00bb custom_margin_last_edited=\u00bbon|desktop\u00bb custom_padding=\u00bb||4px||false|false\u00bb hover_enabled=\u00bb0&#8243; text_font_size_tablet=\u00bb\u00bb text_font_size_phone=\u00bb\u00bb text_font_size_last_edited=\u00bbon|tablet\u00bb text_line_height_tablet=\u00bb1.4em\u00bb text_line_height_phone=\u00bb\u00bb text_line_height_last_edited=\u00bbon|tablet\u00bb header_font_size_tablet=\u00bb23px\u00bb header_font_size_phone=\u00bb\u00bb header_font_size_last_edited=\u00bbon|tablet\u00bb header_2_font_size_tablet=\u00bb16px\u00bb header_2_font_size_phone=\u00bb\u00bb header_2_font_size_last_edited=\u00bbon|tablet\u00bb global_colors_info=\u00bb{}\u00bb sticky_enabled=\u00bb0&#8243;]<\/p>\n<h1><strong>ESCUELAS: <\/strong><\/h1>\n<p>La enfermer\u00eda en las escuelas es un \u00e1mbito importante que involucra el cuidado de la salud de los estudiantes dentro del entorno educativo. Los profesionales de enfermer\u00eda en las escuelas desempe\u00f1an un papel clave en el mantenimiento de la salud y el bienestar de los estudiantes, as\u00ed como en la promoci\u00f3n de h\u00e1bitos saludables. Algunas de las responsabilidades y funciones de los enfermeros en las escuelas incluyen:<\/p>\n<ol>\n<li><strong>Cuidado de la salud:<\/strong> Los enfermeros en las escuelas brindan atenci\u00f3n directa a los estudiantes que se enferman o resultan heridos durante el horario escolar. Eval\u00faan y tratan enfermedades menores, lesiones y afecciones m\u00e9dicas que puedan surgir.<\/li>\n<li><strong>Administraci\u00f3n de medicamentos:<\/strong> Los enfermeros en las escuelas pueden administrar medicamentos recetados a los estudiantes de acuerdo con las instrucciones m\u00e9dicas que lo requieran durante el horario escolar<\/li>\n<li><strong>Manejo de condiciones cr\u00f3nicas:<\/strong> Si hay estudiantes con condiciones m\u00e9dicas cr\u00f3nicas, como alergias severas, diabetes o epilepsia, los enfermeros en las escuelas colaboran con los padres y m\u00e9dicos para garantizar que se sigan los planes de manejo adecuados y que los estudiantes reciban la atenci\u00f3n necesaria.<\/li>\n<li><strong>Atenci\u00f3n de emergencia:<\/strong> En caso de emergencias m\u00e9dicas en la escuela, los enfermeros est\u00e1n capacitados para tomar medidas inmediatas para estabilizar al estudiante y coordinar la atenci\u00f3n m\u00e9dica adecuada.<\/li>\n<li><strong>Promoci\u00f3n de la salud:<\/strong> Los enfermeros en las escuelas educan a los estudiantes sobre la importancia de h\u00e1bitos saludables, como la higiene, la nutrici\u00f3n adecuada, el ejercicio y el manejo del estr\u00e9s. Tambi\u00e9n pueden organizar campa\u00f1as de salud y proporcionar recursos educativos.<\/li>\n<li><strong>Apoyo emocional y mental:<\/strong> Los enfermeros pueden ofrecer apoyo emocional a los estudiantes que enfrentan situaciones dif\u00edciles o que pueden estar lidiando con problemas de salud mental. Pueden ser un recurso importante para derivar a los estudiantes a profesionales de salud mental cuando sea necesario.<\/li>\n<\/ol>\n<p>La presencia de profesionales de enfermer\u00eda en las escuelas contribuye al ambiente de aprendizaje seguro y saludable para los estudiantes. Ayuda a identificar y abordar problemas de salud a tiempo, permitiendo que los estudiantes se concentren en su educaci\u00f3n de manera efectiva.<\/p>\n<h5><em>CONTACTO:<\/em><\/h5>\n<h5><em>Por consultas, turnos o presupuestos<\/em><\/h5>\n<p><em>\u00a0<\/em><em>Lic Lorena Cepeda \u2013 Supervisora <\/em><\/p>\n<p><em>Tel o WhatsApp: 3364035000<\/em><\/p>\n<p><em>Omar Garcia \u2013 Gerencia<\/em><\/p>\n<p><em>Tel o WhatsApp:\u00a0 3416923300<\/em><\/p>\n<p>[\/et_pb_text][\/et_pb_column][\/et_pb_row][\/et_pb_section][et_pb_section fb_built=\u00bb1&#8243; _builder_version=\u00bb4.9.4&#8243; _module_preset=\u00bbdefault\u00bb custom_margin_tablet=\u00bb0px||0px||false|false\u00bb custom_margin_phone=\u00bb\u00bb custom_margin_last_edited=\u00bbon|tablet\u00bb custom_padding=\u00bb0px||0px||false|false\u00bb global_colors_info=\u00bb{}\u00bb][et_pb_row column_structure=\u00bb1_2,1_2&#8243; use_custom_gutter=\u00bbon\u00bb gutter_width=\u00bb1&#8243; make_equal=\u00bbon\u00bb _builder_version=\u00bb4.11.1&#8243; _module_preset=\u00bbdefault\u00bb width=\u00bb100%\u00bb height=\u00bb364px\u00bb height_tablet=\u00bb\u00bb height_phone=\u00bbauto\u00bb height_last_edited=\u00bbon|phone\u00bb custom_margin=\u00bb-4px|0px|-4px|0px|true|false\u00bb custom_margin_tablet=\u00bb-4px|0px|-4px|0px|true|false\u00bb custom_margin_phone=\u00bb0px||0px||true|false\u00bb custom_margin_last_edited=\u00bbon|phone\u00bb custom_padding=\u00bb0px|0px|0px|0px|false|false\u00bb global_module=\u00bb1090&#8243; global_colors_info=\u00bb{}\u00bb][et_pb_column type=\u00bb1_2&#8243; _builder_version=\u00bb4.11.1&#8243; _module_preset=\u00bbdefault\u00bb background_image=\u00bbhttps:\/\/mutualeuro.com.ar\/website\/wp-content\/uploads\/2021\/06\/Slide-2-Servicios-Sociales_b.jpg\u00bb custom_padding=\u00bb71px||191px||false|false\u00bb custom_padding_tablet=\u00bb8px||80px||false|false\u00bb custom_padding_phone=\u00bb\u00bb custom_padding_last_edited=\u00bbon|tablet\u00bb global_colors_info=\u00bb{}\u00bb filter_brightness__hover_enabled=\u00bbon|hover\u00bb filter_brightness__hover=\u00bb130%\u00bb filter_saturate__hover_enabled=\u00bbon|hover\u00bb filter_saturate__hover=\u00bb70%\u00bb][et_pb_text _builder_version=\u00bb4.9.4&#8243; _dynamic_attributes=\u00bblink_option_url\u00bb _module_preset=\u00bbdefault\u00bb text_text_color=\u00bb#FFFFFF\u00bb text_font_size=\u00bb17px\u00bb text_line_height=\u00bb0.1em\u00bb header_font=\u00bb|700||on|||||\u00bb header_text_color=\u00bb#FFFFFF\u00bb header_font_size=\u00bb51px\u00bb header_2_font=\u00bb|300||on|||||\u00bb header_2_text_color=\u00bb#FFFFFF\u00bb header_2_font_size=\u00bb27px\u00bb header_2_line_height=\u00bb0.3em\u00bb custom_margin=\u00bb38px|||34px|false|false\u00bb custom_margin_tablet=\u00bb\u00bb custom_margin_phone=\u00bb\u00bb custom_margin_last_edited=\u00bbon|desktop\u00bb filter_brightness=\u00bb130%\u00bb link_option_url=\u00bb@ET-DC@eyJkeW5hbWljIjp0cnVlLCJjb250ZW50IjoicG9zdF9saW5rX3VybF9wYWdlIiwic2V0dGluZ3MiOnsicG9zdF9pZCI6IjI5NiJ9fQ==@\u00bb text_font_size_tablet=\u00bb14px\u00bb text_font_size_phone=\u00bb\u00bb text_font_size_last_edited=\u00bbon|tablet\u00bb header_font_size_tablet=\u00bb34px\u00bb header_font_size_phone=\u00bb\u00bb header_font_size_last_edited=\u00bbon|tablet\u00bb header_2_font_size_tablet=\u00bb20px\u00bb header_2_font_size_phone=\u00bb\u00bb header_2_font_size_last_edited=\u00bbon|tablet\u00bb global_colors_info=\u00bb{}\u00bb filter_saturate__hover_enabled=\u00bbon|hover\u00bb filter_saturate__hover=\u00bb70%\u00bb]<\/p>\n<h2>Servicios<\/h2>\n<h1>Sociales<\/h1>\n<p>Eficacia y Respuestas<\/p>\n<p>[\/et_pb_text][\/et_pb_column][et_pb_column type=\u00bb1_2&#8243; _builder_version=\u00bb4.9.4&#8243; _dynamic_attributes=\u00bblink_option_url\u00bb _module_preset=\u00bbdefault\u00bb background_image=\u00bbhttps:\/\/mutualeuro.com.ar\/website\/wp-content\/uploads\/2021\/04\/Slide-4-Noti-Destacados.jpg\u00bb custom_padding=\u00bb71px||191px||false|false\u00bb custom_padding_tablet=\u00bb8px||80px||false|false\u00bb custom_padding_phone=\u00bb\u00bb custom_padding_last_edited=\u00bbon|tablet\u00bb link_option_url=\u00bb@ET-DC@eyJkeW5hbWljIjp0cnVlLCJjb250ZW50IjoicG9zdF9saW5rX3VybF9wYWdlIiwic2V0dGluZ3MiOnsicG9zdF9pZCI6IjM5MiJ9fQ==@\u00bb filter_saturate_last_edited=\u00bboff|desktop\u00bb global_colors_info=\u00bb{}\u00bb filter_saturate__hover_enabled=\u00bbon|hover\u00bb filter_saturate__hover=\u00bb70%\u00bb filter_brightness__hover_enabled=\u00bbon|hover\u00bb filter_brightness__hover=\u00bb130%\u00bb][et_pb_text _builder_version=\u00bb4.9.4&#8243; _module_preset=\u00bbdefault\u00bb text_text_color=\u00bb#FFFFFF\u00bb text_font_size=\u00bb17px\u00bb text_line_height=\u00bb0.1em\u00bb header_font=\u00bb|700||on|||||\u00bb header_text_color=\u00bb#FFFFFF\u00bb header_font_size=\u00bb51px\u00bb header_2_font=\u00bb|300||on|||||\u00bb header_2_text_color=\u00bb#FFFFFF\u00bb header_2_font_size=\u00bb27px\u00bb header_2_line_height=\u00bb0.3em\u00bb custom_margin=\u00bb38px|||34px|false|false\u00bb custom_margin_tablet=\u00bb\u00bb custom_margin_phone=\u00bb\u00bb custom_margin_last_edited=\u00bbon|desktop\u00bb filter_brightness=\u00bb130%\u00bb text_font_size_tablet=\u00bb14px\u00bb text_font_size_phone=\u00bb\u00bb text_font_size_last_edited=\u00bbon|tablet\u00bb header_font_size_tablet=\u00bb34px\u00bb header_font_size_phone=\u00bb\u00bb header_font_size_last_edited=\u00bbon|tablet\u00bb header_2_font_size_tablet=\u00bb20px\u00bb header_2_font_size_phone=\u00bb\u00bb header_2_font_size_last_edited=\u00bbon|tablet\u00bb global_colors_info=\u00bb{}\u00bb filter_saturate__hover=\u00bb70%\u00bb filter_saturate__hover_enabled=\u00bbon|hover\u00bb]<\/p>\n<h2>Noticias<\/h2>\n<h1>Destacadas<\/h1>\n<p>Inf\u00f3rmese de todas las novedades.<\/p>\n<p>[\/et_pb_text][\/et_pb_column][\/et_pb_row][\/et_pb_section][et_pb_section fb_built=\u00bb1&#8243; _builder_version=\u00bb4.9.4&#8243; _module_preset=\u00bbdefault\u00bb background_color=\u00bb#0fae2d\u00bb custom_margin=\u00bb0px||0px||false|false\u00bb custom_padding=\u00bb0px||0px||false|false\u00bb global_module=\u00bb1220&#8243; global_colors_info=\u00bb{}\u00bb][et_pb_row disabled_on=\u00bboff|off|off\u00bb _builder_version=\u00bb4.9.4&#8243; _module_preset=\u00bbdefault\u00bb width=\u00bb100%\u00bb custom_margin=\u00bb0px|0px|0px|0px|false|true\u00bb custom_padding=\u00bb0px|0px|0px|0px|false|true\u00bb global_colors_info=\u00bb{}\u00bb][et_pb_column type=\u00bb4_4&#8243; _builder_version=\u00bb4.9.4&#8243; _module_preset=\u00bbdefault\u00bb global_colors_info=\u00bb{}\u00bb][et_pb_contact_form use_spam_service=\u00bbon\u00bb recaptcha_list=\u00bbmutual_euro2|mutual_euro2-0&#8243; email=\u00bbeurosuscripcion@gmail.com\u00bb title=\u00bbSuscripci\u00f3n a Newsletter para recibir novedades y beneficios.\u00bb custom_message=\u00bbHola quiero sucribirme al Newsletter\u00bb success_message=\u00bbGracias por suscribirte a nuestro Newsletter.\u00bb submit_button_text=\u00bbSuscribirse\u00bb disabled_on=\u00bbon|on|off\u00bb _builder_version=\u00bb4.14.1&#8243; _module_preset=\u00bbdefault\u00bb _unique_id=\u00bb70885c5b-6e2b-4867-9492-fe19ae8595fd\u00bb title_level=\u00bbh3&#8243; title_font=\u00bbRoboto||||||||\u00bb title_text_color=\u00bb#FFFFFF\u00bb title_font_size=\u00bb18px\u00bb custom_button=\u00bbon\u00bb button_text_size=\u00bb19px\u00bb button_text_color=\u00bb#FFFFFF\u00bb height=\u00bb100px\u00bb custom_margin=\u00bb50px||||false|false\u00bb custom_margin_tablet=\u00bb50px||||false|false\u00bb custom_margin_phone=\u00bb50px||||false|false\u00bb custom_margin_last_edited=\u00bbon|desktop\u00bb custom_css_contact_title=\u00bbmargin-top:13px;||margin-left:45px;||float:left;||width:550px;\u00bb custom_css_contact_button=\u00bbmargin-top:-30px;||margin-right:30px;\u00bb custom_css_contact_fields=\u00bbwidth:350px !important;||float:left;||margin-top:-50px;||margin-left:635px;\u00bb global_colors_info=\u00bb{}\u00bb][et_pb_contact_field field_id=\u00bbCorreo_electr\u00f3nico\u00bb field_title=\u00bbCorreo electr\u00f3nico\u00bb field_type=\u00bbemail\u00bb fullwidth_field=\u00bbon\u00bb _builder_version=\u00bb4.14.1&#8243; _module_preset=\u00bbdefault\u00bb form_field_font=\u00bbRoboto||||||||\u00bb form_field_font_size=\u00bb16px\u00bb border_radii=\u00bbon|3px|3px|3px|3px\u00bb global_colors_info=\u00bb{}\u00bb][\/et_pb_contact_field][\/et_pb_contact_form][et_pb_contact_form use_spam_service=\u00bbon\u00bb recaptcha_list=\u00bbmutual_euro2|mutual_euro2-0&#8243; email=\u00bbeurosuscripcion@gmail.com\u00bb title=\u00bbSuscripci\u00f3n a Newsletter para recibir novedades y beneficios.\u00bb custom_message=\u00bbHola quiero sucribirme al Newsletter.\u00bb success_message=\u00bbGracias por suscribirte a nuestro Newsletter.\u00bb submit_button_text=\u00bbSuscribirse\u00bb disabled_on=\u00bboff|off|on\u00bb _builder_version=\u00bb4.14.1&#8243; _module_preset=\u00bbdefault\u00bb _unique_id=\u00bb70885c5b-6e2b-4867-9492-fe19ae8595fd\u00bb title_level=\u00bbh3&#8243; title_font=\u00bbRoboto||||||||\u00bb title_text_color=\u00bb#FFFFFF\u00bb title_font_size=\u00bb18px\u00bb custom_button=\u00bbon\u00bb button_text_size=\u00bb19px\u00bb button_text_color=\u00bb#FFFFFF\u00bb button_custom_margin=\u00bb13px||||false|false\u00bb button_custom_margin_tablet=\u00bb10px|67px|||false|false\u00bb button_custom_margin_phone=\u00bb|97px|18px|97px|false|true\u00bb button_custom_margin_last_edited=\u00bbon|tablet\u00bb height=\u00bb100px\u00bb custom_margin=\u00bb50px||||false|false\u00bb custom_margin_tablet=\u00bb50px|35px|22px|88px|false|false\u00bb custom_margin_phone=\u00bb50px|12px||12px|false|true\u00bb custom_margin_last_edited=\u00bbon|desktop\u00bb custom_padding=\u00bb||0px||false|false\u00bb title_text_align_tablet=\u00bb\u00bb title_text_align_phone=\u00bbcenter\u00bb title_text_align_last_edited=\u00bbon|phone\u00bb form_field_text_align_tablet=\u00bb\u00bb form_field_text_align_phone=\u00bbcenter\u00bb form_field_text_align_last_edited=\u00bbon|phone\u00bb global_colors_info=\u00bb{}\u00bb custom_css_contact_fields_last_edited=\u00bbon|phone\u00bb custom_css_contact_fields_tablet=\u00bbmax-width:60%;||float:left;||\u00bb custom_css_contact_fields_phone=\u00bbmax-width:100%;||\u00bb][et_pb_contact_field field_id=\u00bbCorreo_electr\u00f3nico\u00bb field_title=\u00bbCorreo electr\u00f3nico\u00bb field_type=\u00bbemail\u00bb fullwidth_field=\u00bbon\u00bb _builder_version=\u00bb4.14.1&#8243; _module_preset=\u00bbdefault\u00bb form_field_font=\u00bbRoboto||||||||\u00bb form_field_font_size=\u00bb16px\u00bb border_radii=\u00bbon|3px|3px|3px|3px\u00bb global_colors_info=\u00bb{}\u00bb][\/et_pb_contact_field][\/et_pb_contact_form][\/et_pb_column][\/et_pb_row][\/et_pb_section]<\/p>\n","protected":false},"excerpt":{"rendered":"<p>ESCUELAS: La enfermer\u00eda en las escuelas es un \u00e1mbito importante que involucra el cuidado de la salud de los estudiantes dentro del entorno educativo. Los profesionales de enfermer\u00eda en las escuelas desempe\u00f1an un papel clave en el mantenimiento de la salud y el bienestar de los estudiantes, as\u00ed como en la promoci\u00f3n de h\u00e1bitos saludables. [&hellip;]<\/p>\n","protected":false},"author":7,"featured_media":0,"parent":0,"menu_order":0,"comment_status":"closed","ping_status":"closed","template":"","meta":{"_et_pb_use_builder":"on","_et_pb_old_content":"","_et_gb_content_width":"","footnotes":""},"class_list":["post-1331","page","type-page","status-publish","hentry"],"_links":{"self":[{"href":"https:\/\/mutualeuro.com.ar\/website\/wp-json\/wp\/v2\/pages\/1331","targetHints":{"allow":["GET"]}}],"collection":[{"href":"https:\/\/mutualeuro.com.ar\/website\/wp-json\/wp\/v2\/pages"}],"about":[{"href":"https:\/\/mutualeuro.com.ar\/website\/wp-json\/wp\/v2\/types\/page"}],"author":[{"embeddable":true,"href":"https:\/\/mutualeuro.com.ar\/website\/wp-json\/wp\/v2\/users\/7"}],"replies":[{"embeddable":true,"href":"https:\/\/mutualeuro.com.ar\/website\/wp-json\/wp\/v2\/comments?post=1331"}],"version-history":[{"count":2,"href":"https:\/\/mutualeuro.com.ar\/website\/wp-json\/wp\/v2\/pages\/1331\/revisions"}],"predecessor-version":[{"id":1334,"href":"https:\/\/mutualeuro.com.ar\/website\/wp-json\/wp\/v2\/pages\/1331\/revisions\/1334"}],"wp:attachment":[{"href":"https:\/\/mutualeuro.com.ar\/website\/wp-json\/wp\/v2\/media?parent=1331"}],"curies":[{"name":"wp","href":"https:\/\/api.w.org\/{rel}","templated":true}]}}