{"id":1314,"date":"2023-10-27T16:23:02","date_gmt":"2023-10-27T16:23:02","guid":{"rendered":"https:\/\/mutualeuro.com.ar\/website\/?page_id=1314"},"modified":"2023-11-28T09:05:33","modified_gmt":"2023-11-28T09:05:33","slug":"servicio-de-vacunacion-a-empresas","status":"publish","type":"page","link":"https:\/\/mutualeuro.com.ar\/website\/servicio-de-vacunacion-a-empresas\/","title":{"rendered":"Servicio de vacunacion en empresas  \/ instituciones"},"content":{"rendered":"<p>[et_pb_section fb_built=\u00bb1&#8243; _builder_version=\u00bb4.9.4&#8243; _module_preset=\u00bbdefault\u00bb custom_margin=\u00bb0px|0px|0px|0px|false|false\u00bb custom_padding=\u00bb0px|0px|0px|0px|false|false\u00bb global_colors_info=\u00bb{}\u00bb][et_pb_row _builder_version=\u00bb4.9.4&#8243; _module_preset=\u00bbdefault\u00bb width=\u00bb100%\u00bb custom_margin=\u00bb0px|0px|0px|0px|false|false\u00bb custom_padding=\u00bb0px||0px|0px|false|false\u00bb global_colors_info=\u00bb{}\u00bb][et_pb_column type=\u00bb4_4&#8243; _builder_version=\u00bb4.9.4&#8243; _module_preset=\u00bbdefault\u00bb global_colors_info=\u00bb{}\u00bb][et_pb_image src=\u00bbhttps:\/\/mutualeuro.com.ar\/website\/wp-content\/uploads\/2023\/11\/vacunas-emprsas.png\u00bb title_text=\u00bbvacunas-emprsas\u00bb force_fullwidth=\u00bbon\u00bb _builder_version=\u00bb4.14.1&#8243; _module_preset=\u00bbdefault\u00bb hover_enabled=\u00bb0&#8243; global_colors_info=\u00bb{}\u00bb sticky_enabled=\u00bb0&#8243;][\/et_pb_image][\/et_pb_column][\/et_pb_row][et_pb_row _builder_version=\u00bb4.9.4&#8243; _module_preset=\u00bbdefault\u00bb global_colors_info=\u00bb{}\u00bb][et_pb_column type=\u00bb4_4&#8243; _builder_version=\u00bb4.9.4&#8243; _module_preset=\u00bbdefault\u00bb global_colors_info=\u00bb{}\u00bb][et_pb_text _builder_version=\u00bb4.14.1&#8243; _module_preset=\u00bbdefault\u00bb text_font_size=\u00bb16px\u00bb text_line_height=\u00bb1.8em\u00bb header_font=\u00bbRoboto||||||||\u00bb header_font_size=\u00bb25px\u00bb header_line_height=\u00bb1.3em\u00bb header_2_font=\u00bb|600|||||||\u00bb header_2_text_color=\u00bb#1857a6&#8243; header_2_font_size=\u00bb19px\u00bb custom_margin=\u00bb||42px||false|false\u00bb custom_margin_tablet=\u00bb\u00bb custom_margin_phone=\u00bb\u00bb custom_margin_last_edited=\u00bbon|desktop\u00bb custom_padding=\u00bb||4px||false|false\u00bb text_font_size_tablet=\u00bb\u00bb text_font_size_phone=\u00bb\u00bb text_font_size_last_edited=\u00bbon|tablet\u00bb text_line_height_tablet=\u00bb1.4em\u00bb text_line_height_phone=\u00bb\u00bb text_line_height_last_edited=\u00bbon|tablet\u00bb header_font_size_tablet=\u00bb23px\u00bb header_font_size_phone=\u00bb\u00bb header_font_size_last_edited=\u00bbon|tablet\u00bb header_2_font_size_tablet=\u00bb16px\u00bb header_2_font_size_phone=\u00bb\u00bb header_2_font_size_last_edited=\u00bbon|tablet\u00bb global_colors_info=\u00bb{}\u00bb]<\/p>\n<h1>SERVICIO DE VACUNACI\u00d3N EN EMPRESAS \/ INSTITUCIONES<\/h1>\n<p><strong>SERVICIO DE VACUNACI\u00d3N EN EMPRESAS \/ INSTITUCIONES<\/strong><\/p>\n<ul>\n<li><strong>Desarrollo de planes de vacunaci\u00f3n, provisi\u00f3n y colocaci\u00f3n de las vacunas recomendadas seg\u00fan el tipo de actividad.<\/strong><\/li>\n<li><strong>Seguimiento individual del plan de vacunaci\u00f3n de cada empleado.<\/strong><\/li>\n<li><strong>Certificado de vacunaci\u00f3n para empresas.<\/strong><\/li>\n<li><strong>Registro oficial<\/strong><\/li>\n<\/ul>\n<table style=\"border-collapse: collapse; width: 100%; height: 485px;\" border=\"1\">\n<tbody>\n<tr style=\"height: 29px;\">\n<td style=\"width: 50%; height: 29px; text-align: center;\">\n<h5><strong>Vacunas que puede ofrecer la empresa<\/strong><\/h5>\n<\/td>\n<td style=\"width: 50%; height: 29px; text-align: center;\">\n<h5><strong>Seg\u00fan puestos de trabajo<\/strong><\/h5>\n<\/td>\n<\/tr>\n<tr style=\"height: 10px;\">\n<td style=\"width: 50%; height: 10px;\">\u00a0<\/td>\n<td style=\"width: 50%; height: 10px;\">\u00a0<\/td>\n<\/tr>\n<tr style=\"height: 23px;\">\n<td style=\"width: 50%; height: 23px;\">HEPATITIS B<\/td>\n<td style=\"width: 50%; height: 23px;\">Profesionales m\u00e9dicos, de enfermer\u00eda y sanitarios en general,<br \/>personal de laboratorio, trabajos en eliminaci\u00f3n de residuos y<br \/>basuras, limpieza de hospitales o jardines p\u00fablicos, polic\u00eda,<br \/>seguridad, centros geri\u00e1tricos, etc.<\/td>\n<\/tr>\n<tr style=\"height: 23px;\">\n<td style=\"width: 50%; height: 23px;\">HEPATITIS A<\/td>\n<td style=\"width: 50%; height: 23px;\">Trabajadores con manipulaci\u00f3n de heces en laboratorio,<br \/>trabajos en depuradoras y aguas residuales, guarder\u00edas, viajes<br \/>a zona de riesgo<\/td>\n<\/tr>\n<tr style=\"height: 23px;\">\n<td style=\"width: 50%; height: 23px;\">RABIA<\/td>\n<td style=\"width: 50%; height: 23px;\">Veterinarios, personal de zool\u00f3gicos, guardas forestales, traba-<br \/>jos en proximidad de murci\u00e9lagos, centros de recuperaci\u00f3n de<br \/>fauna, etc.<\/td>\n<\/tr>\n<tr style=\"height: 47px;\">\n<td style=\"width: 50%; height: 47px;\" width=\"274\">FIEBRE TIFOIDEA<\/td>\n<td style=\"width: 50%; height: 47px;\">Trabajos en cloacas y alcantarillados, desplazamientos a zonas<br \/>de riesgo<\/td>\n<\/tr>\n<tr style=\"height: 47px;\">\n<td style=\"width: 50%; height: 47px;\" width=\"274\">TETANOS<\/td>\n<td style=\"width: 50%; height: 47px;\">Agricultores, veterinarios, ganaderos, eliminaci\u00f3n de basuras y<br \/>residuos. Jardiner\u00eda y otros trabajos manuales en \u00e1mbito rural.<\/td>\n<\/tr>\n<tr style=\"height: 47px;\">\n<td style=\"width: 50%; height: 47px;\" width=\"274\">RUBEOLA<\/td>\n<td style=\"width: 50%; height: 47px;\">Trabajadoras en edad f\u00e9rtil (no embarazadas) en contacto con<br \/>ni\u00f1os (ense\u00f1anza, guarder\u00edas, hospitales infantiles)<\/td>\n<\/tr>\n<tr style=\"height: 71px;\">\n<td style=\"width: 50%; height: 71px;\" width=\"274\">GRIPE<\/td>\n<td style=\"width: 50%; height: 71px;\">Profesionales m\u00e9dicos, enfermer\u00eda y sanitarios en general.<br \/>Contacto con el p\u00fablico, ense\u00f1anza y guarder\u00edas, centros<br \/>geri\u00e1tricos<\/td>\n<\/tr>\n<tr style=\"height: 47px;\">\n<td style=\"width: 50%; height: 47px;\" width=\"274\">TRIPLE VIRICA VARICELA<\/td>\n<td style=\"width: 50%; height: 47px;\">Personal no inmunizado en contacto con ni\u00f1os (ense\u00f1anza,<br \/>guarder\u00edas, hospitales pedi\u00e1tricos, etc.)<\/td>\n<\/tr>\n<tr style=\"height: 71px;\">\n<td style=\"width: 50%; height: 71px;\" width=\"274\">POLIOMIELITIS<\/td>\n<td style=\"width: 50%; height: 71px;\">Trabajadores ya inmunizados en la infancia que viajen a zonas<br \/>de riesgo (s\u00f3lo una dosis de refuerzo). Lo mismo con trabajado-<br \/>res de laboratorio que trabajen con polio virus<\/td>\n<\/tr>\n<tr style=\"height: 47px;\">\n<td style=\"width: 50%; height: 47px;\" width=\"274\">FIEBRE AMARILLA, ENCEFALITIS, CENTROEUROPEA O<br \/>JAPONESA, ETC<\/td>\n<td style=\"width: 50%; height: 47px;\">Trabajadores en viajes internacionales seg\u00fan riesgos por zona<br \/>geogr\u00e1fica y recomendaciones de vacunaci\u00f3n extranjera<\/td>\n<\/tr>\n<\/tbody>\n<\/table>\n<p>[\/et_pb_text][\/et_pb_column][\/et_pb_row][\/et_pb_section][et_pb_section fb_built=\u00bb1&#8243; _builder_version=\u00bb4.9.4&#8243; _module_preset=\u00bbdefault\u00bb custom_margin_tablet=\u00bb0px||0px||false|false\u00bb custom_margin_phone=\u00bb\u00bb custom_margin_last_edited=\u00bbon|tablet\u00bb custom_padding=\u00bb0px||0px||false|false\u00bb global_colors_info=\u00bb{}\u00bb][et_pb_row column_structure=\u00bb1_2,1_2&#8243; use_custom_gutter=\u00bbon\u00bb gutter_width=\u00bb1&#8243; make_equal=\u00bbon\u00bb _builder_version=\u00bb4.11.1&#8243; _module_preset=\u00bbdefault\u00bb width=\u00bb100%\u00bb height=\u00bb364px\u00bb height_tablet=\u00bb\u00bb height_phone=\u00bbauto\u00bb height_last_edited=\u00bbon|phone\u00bb custom_margin=\u00bb-4px|0px|-4px|0px|true|false\u00bb custom_margin_tablet=\u00bb-4px|0px|-4px|0px|true|false\u00bb custom_margin_phone=\u00bb0px||0px||true|false\u00bb custom_margin_last_edited=\u00bbon|phone\u00bb custom_padding=\u00bb0px|0px|0px|0px|false|false\u00bb global_module=\u00bb1090&#8243; global_colors_info=\u00bb{}\u00bb][et_pb_column type=\u00bb1_2&#8243; _builder_version=\u00bb4.11.1&#8243; _module_preset=\u00bbdefault\u00bb background_image=\u00bbhttps:\/\/mutualeuro.com.ar\/website\/wp-content\/uploads\/2021\/06\/Slide-2-Servicios-Sociales_b.jpg\u00bb custom_padding=\u00bb71px||191px||false|false\u00bb custom_padding_tablet=\u00bb8px||80px||false|false\u00bb custom_padding_phone=\u00bb\u00bb custom_padding_last_edited=\u00bbon|tablet\u00bb global_colors_info=\u00bb{}\u00bb filter_brightness__hover_enabled=\u00bbon|hover\u00bb filter_brightness__hover=\u00bb130%\u00bb filter_saturate__hover_enabled=\u00bbon|hover\u00bb filter_saturate__hover=\u00bb70%\u00bb][et_pb_text _builder_version=\u00bb4.9.4&#8243; _dynamic_attributes=\u00bblink_option_url\u00bb _module_preset=\u00bbdefault\u00bb text_text_color=\u00bb#FFFFFF\u00bb text_font_size=\u00bb17px\u00bb text_line_height=\u00bb0.1em\u00bb header_font=\u00bb|700||on|||||\u00bb header_text_color=\u00bb#FFFFFF\u00bb header_font_size=\u00bb51px\u00bb header_2_font=\u00bb|300||on|||||\u00bb header_2_text_color=\u00bb#FFFFFF\u00bb header_2_font_size=\u00bb27px\u00bb header_2_line_height=\u00bb0.3em\u00bb custom_margin=\u00bb38px|||34px|false|false\u00bb custom_margin_tablet=\u00bb\u00bb custom_margin_phone=\u00bb\u00bb custom_margin_last_edited=\u00bbon|desktop\u00bb filter_brightness=\u00bb130%\u00bb link_option_url=\u00bb@ET-DC@eyJkeW5hbWljIjp0cnVlLCJjb250ZW50IjoicG9zdF9saW5rX3VybF9wYWdlIiwic2V0dGluZ3MiOnsicG9zdF9pZCI6IjI5NiJ9fQ==@\u00bb text_font_size_tablet=\u00bb14px\u00bb text_font_size_phone=\u00bb\u00bb text_font_size_last_edited=\u00bbon|tablet\u00bb header_font_size_tablet=\u00bb34px\u00bb header_font_size_phone=\u00bb\u00bb header_font_size_last_edited=\u00bbon|tablet\u00bb header_2_font_size_tablet=\u00bb20px\u00bb header_2_font_size_phone=\u00bb\u00bb header_2_font_size_last_edited=\u00bbon|tablet\u00bb global_colors_info=\u00bb{}\u00bb filter_saturate__hover_enabled=\u00bbon|hover\u00bb filter_saturate__hover=\u00bb70%\u00bb]<\/p>\n<h2>Servicios<\/h2>\n<h1>Sociales<\/h1>\n<p>Eficacia y Respuestas<\/p>\n<p>[\/et_pb_text][\/et_pb_column][et_pb_column type=\u00bb1_2&#8243; _builder_version=\u00bb4.9.4&#8243; _dynamic_attributes=\u00bblink_option_url\u00bb _module_preset=\u00bbdefault\u00bb background_image=\u00bbhttps:\/\/mutualeuro.com.ar\/website\/wp-content\/uploads\/2021\/04\/Slide-4-Noti-Destacados.jpg\u00bb custom_padding=\u00bb71px||191px||false|false\u00bb custom_padding_tablet=\u00bb8px||80px||false|false\u00bb custom_padding_phone=\u00bb\u00bb custom_padding_last_edited=\u00bbon|tablet\u00bb link_option_url=\u00bb@ET-DC@eyJkeW5hbWljIjp0cnVlLCJjb250ZW50IjoicG9zdF9saW5rX3VybF9wYWdlIiwic2V0dGluZ3MiOnsicG9zdF9pZCI6IjM5MiJ9fQ==@\u00bb filter_saturate_last_edited=\u00bboff|desktop\u00bb global_colors_info=\u00bb{}\u00bb filter_saturate__hover_enabled=\u00bbon|hover\u00bb filter_saturate__hover=\u00bb70%\u00bb filter_brightness__hover_enabled=\u00bbon|hover\u00bb filter_brightness__hover=\u00bb130%\u00bb][et_pb_text _builder_version=\u00bb4.9.4&#8243; _module_preset=\u00bbdefault\u00bb text_text_color=\u00bb#FFFFFF\u00bb text_font_size=\u00bb17px\u00bb text_line_height=\u00bb0.1em\u00bb header_font=\u00bb|700||on|||||\u00bb header_text_color=\u00bb#FFFFFF\u00bb header_font_size=\u00bb51px\u00bb header_2_font=\u00bb|300||on|||||\u00bb header_2_text_color=\u00bb#FFFFFF\u00bb header_2_font_size=\u00bb27px\u00bb header_2_line_height=\u00bb0.3em\u00bb custom_margin=\u00bb38px|||34px|false|false\u00bb custom_margin_tablet=\u00bb\u00bb custom_margin_phone=\u00bb\u00bb custom_margin_last_edited=\u00bbon|desktop\u00bb filter_brightness=\u00bb130%\u00bb text_font_size_tablet=\u00bb14px\u00bb text_font_size_phone=\u00bb\u00bb text_font_size_last_edited=\u00bbon|tablet\u00bb header_font_size_tablet=\u00bb34px\u00bb header_font_size_phone=\u00bb\u00bb header_font_size_last_edited=\u00bbon|tablet\u00bb header_2_font_size_tablet=\u00bb20px\u00bb header_2_font_size_phone=\u00bb\u00bb header_2_font_size_last_edited=\u00bbon|tablet\u00bb global_colors_info=\u00bb{}\u00bb filter_saturate__hover=\u00bb70%\u00bb filter_saturate__hover_enabled=\u00bbon|hover\u00bb]<\/p>\n<h2>Noticias<\/h2>\n<h1>Destacadas<\/h1>\n<p>Inf\u00f3rmese de todas las novedades.<\/p>\n<p>[\/et_pb_text][\/et_pb_column][\/et_pb_row][\/et_pb_section][et_pb_section fb_built=\u00bb1&#8243; _builder_version=\u00bb4.9.4&#8243; _module_preset=\u00bbdefault\u00bb background_color=\u00bb#0fae2d\u00bb custom_margin=\u00bb0px||0px||false|false\u00bb custom_padding=\u00bb0px||0px||false|false\u00bb global_module=\u00bb1220&#8243; global_colors_info=\u00bb{}\u00bb][et_pb_row disabled_on=\u00bboff|off|off\u00bb _builder_version=\u00bb4.9.4&#8243; _module_preset=\u00bbdefault\u00bb width=\u00bb100%\u00bb custom_margin=\u00bb0px|0px|0px|0px|false|true\u00bb custom_padding=\u00bb0px|0px|0px|0px|false|true\u00bb global_colors_info=\u00bb{}\u00bb][et_pb_column type=\u00bb4_4&#8243; _builder_version=\u00bb4.9.4&#8243; _module_preset=\u00bbdefault\u00bb global_colors_info=\u00bb{}\u00bb][et_pb_contact_form use_spam_service=\u00bbon\u00bb recaptcha_list=\u00bbmutual_euro2|mutual_euro2-0&#8243; email=\u00bbeurosuscripcion@gmail.com\u00bb title=\u00bbSuscripci\u00f3n a Newsletter para recibir novedades y beneficios.\u00bb custom_message=\u00bbHola quiero sucribirme al Newsletter\u00bb success_message=\u00bbGracias por suscribirte a nuestro Newsletter.\u00bb submit_button_text=\u00bbSuscribirse\u00bb disabled_on=\u00bbon|on|off\u00bb _builder_version=\u00bb4.14.1&#8243; _module_preset=\u00bbdefault\u00bb _unique_id=\u00bb70885c5b-6e2b-4867-9492-fe19ae8595fd\u00bb title_level=\u00bbh3&#8243; title_font=\u00bbRoboto||||||||\u00bb title_text_color=\u00bb#FFFFFF\u00bb title_font_size=\u00bb18px\u00bb custom_button=\u00bbon\u00bb button_text_size=\u00bb19px\u00bb button_text_color=\u00bb#FFFFFF\u00bb height=\u00bb100px\u00bb custom_margin=\u00bb50px||||false|false\u00bb custom_margin_tablet=\u00bb50px||||false|false\u00bb custom_margin_phone=\u00bb50px||||false|false\u00bb custom_margin_last_edited=\u00bbon|desktop\u00bb custom_css_contact_title=\u00bbmargin-top:13px;||margin-left:45px;||float:left;||width:550px;\u00bb custom_css_contact_button=\u00bbmargin-top:-30px;||margin-right:30px;\u00bb custom_css_contact_fields=\u00bbwidth:350px !important;||float:left;||margin-top:-50px;||margin-left:635px;\u00bb global_colors_info=\u00bb{}\u00bb][et_pb_contact_field field_id=\u00bbCorreo_electr\u00f3nico\u00bb field_title=\u00bbCorreo electr\u00f3nico\u00bb field_type=\u00bbemail\u00bb fullwidth_field=\u00bbon\u00bb _builder_version=\u00bb4.14.1&#8243; _module_preset=\u00bbdefault\u00bb form_field_font=\u00bbRoboto||||||||\u00bb form_field_font_size=\u00bb16px\u00bb border_radii=\u00bbon|3px|3px|3px|3px\u00bb global_colors_info=\u00bb{}\u00bb][\/et_pb_contact_field][\/et_pb_contact_form][et_pb_contact_form use_spam_service=\u00bbon\u00bb recaptcha_list=\u00bbmutual_euro2|mutual_euro2-0&#8243; email=\u00bbeurosuscripcion@gmail.com\u00bb title=\u00bbSuscripci\u00f3n a Newsletter para recibir novedades y beneficios.\u00bb custom_message=\u00bbHola quiero sucribirme al Newsletter.\u00bb success_message=\u00bbGracias por suscribirte a nuestro Newsletter.\u00bb submit_button_text=\u00bbSuscribirse\u00bb disabled_on=\u00bboff|off|on\u00bb _builder_version=\u00bb4.14.1&#8243; _module_preset=\u00bbdefault\u00bb _unique_id=\u00bb70885c5b-6e2b-4867-9492-fe19ae8595fd\u00bb title_level=\u00bbh3&#8243; title_font=\u00bbRoboto||||||||\u00bb title_text_color=\u00bb#FFFFFF\u00bb title_font_size=\u00bb18px\u00bb custom_button=\u00bbon\u00bb button_text_size=\u00bb19px\u00bb button_text_color=\u00bb#FFFFFF\u00bb button_custom_margin=\u00bb13px||||false|false\u00bb button_custom_margin_tablet=\u00bb10px|67px|||false|false\u00bb button_custom_margin_phone=\u00bb|97px|18px|97px|false|true\u00bb button_custom_margin_last_edited=\u00bbon|tablet\u00bb height=\u00bb100px\u00bb custom_margin=\u00bb50px||||false|false\u00bb custom_margin_tablet=\u00bb50px|35px|22px|88px|false|false\u00bb custom_margin_phone=\u00bb50px|12px||12px|false|true\u00bb custom_margin_last_edited=\u00bbon|desktop\u00bb custom_padding=\u00bb||0px||false|false\u00bb title_text_align_tablet=\u00bb\u00bb title_text_align_phone=\u00bbcenter\u00bb title_text_align_last_edited=\u00bbon|phone\u00bb form_field_text_align_tablet=\u00bb\u00bb form_field_text_align_phone=\u00bbcenter\u00bb form_field_text_align_last_edited=\u00bbon|phone\u00bb global_colors_info=\u00bb{}\u00bb custom_css_contact_fields_last_edited=\u00bbon|phone\u00bb custom_css_contact_fields_tablet=\u00bbmax-width:60%;||float:left;||\u00bb custom_css_contact_fields_phone=\u00bbmax-width:100%;||\u00bb][et_pb_contact_field field_id=\u00bbCorreo_electr\u00f3nico\u00bb field_title=\u00bbCorreo electr\u00f3nico\u00bb field_type=\u00bbemail\u00bb fullwidth_field=\u00bbon\u00bb _builder_version=\u00bb4.14.1&#8243; _module_preset=\u00bbdefault\u00bb form_field_font=\u00bbRoboto||||||||\u00bb form_field_font_size=\u00bb16px\u00bb border_radii=\u00bbon|3px|3px|3px|3px\u00bb global_colors_info=\u00bb{}\u00bb][\/et_pb_contact_field][\/et_pb_contact_form][\/et_pb_column][\/et_pb_row][\/et_pb_section]<\/p>\n","protected":false},"excerpt":{"rendered":"<p>SERVICIO DE VACUNACI\u00d3N EN EMPRESAS \/ INSTITUCIONES SERVICIO DE VACUNACI\u00d3N EN EMPRESAS \/ INSTITUCIONES Desarrollo de planes de vacunaci\u00f3n, provisi\u00f3n y colocaci\u00f3n de las vacunas recomendadas seg\u00fan el tipo de actividad. Seguimiento individual del plan de vacunaci\u00f3n de cada empleado. Certificado de vacunaci\u00f3n para empresas. Registro oficial Vacunas que puede ofrecer la empresa Seg\u00fan puestos [&hellip;]<\/p>\n","protected":false},"author":7,"featured_media":0,"parent":0,"menu_order":0,"comment_status":"closed","ping_status":"closed","template":"","meta":{"_et_pb_use_builder":"on","_et_pb_old_content":"","_et_gb_content_width":"","footnotes":""},"class_list":["post-1314","page","type-page","status-publish","hentry"],"_links":{"self":[{"href":"https:\/\/mutualeuro.com.ar\/website\/wp-json\/wp\/v2\/pages\/1314","targetHints":{"allow":["GET"]}}],"collection":[{"href":"https:\/\/mutualeuro.com.ar\/website\/wp-json\/wp\/v2\/pages"}],"about":[{"href":"https:\/\/mutualeuro.com.ar\/website\/wp-json\/wp\/v2\/types\/page"}],"author":[{"embeddable":true,"href":"https:\/\/mutualeuro.com.ar\/website\/wp-json\/wp\/v2\/users\/7"}],"replies":[{"embeddable":true,"href":"https:\/\/mutualeuro.com.ar\/website\/wp-json\/wp\/v2\/comments?post=1314"}],"version-history":[{"count":4,"href":"https:\/\/mutualeuro.com.ar\/website\/wp-json\/wp\/v2\/pages\/1314\/revisions"}],"predecessor-version":[{"id":1371,"href":"https:\/\/mutualeuro.com.ar\/website\/wp-json\/wp\/v2\/pages\/1314\/revisions\/1371"}],"wp:attachment":[{"href":"https:\/\/mutualeuro.com.ar\/website\/wp-json\/wp\/v2\/media?parent=1314"}],"curies":[{"name":"wp","href":"https:\/\/api.w.org\/{rel}","templated":true}]}}